{"id":4930,"date":"2025-12-16T08:23:35","date_gmt":"2025-12-16T07:23:35","guid":{"rendered":"https:\/\/www.rozbud.eu\/?page_id=4930"},"modified":"2025-12-16T13:24:03","modified_gmt":"2025-12-16T12:24:03","slug":"trapecine-skarda-t-6","status":"publish","type":"page","link":"https:\/\/www.rozbud.eu\/lt\/stogo-dangu-gamintojas\/trapecine-skarda\/trapecine-skarda-t-6\/","title":{"rendered":"Trapecin\u0117 skarda T-6"},"content":{"rendered":"<div class=\"row slider-single-page\">\n<div class=\"col s12\">\n<ul class=\"inline-anchor-list\">\n<li><a href=\"#techniniai-duomenys\">Techniniai duomenys<\/a><\/li>\n<li><a href=\"#zaliava\">\u017daliava<\/a><\/li>\n<li><a href=\"#skardos-struktura\">Skardos strukt\u016bra<\/a><\/li>\n<li><a href=\"#medziagos-atsisiuntimui\">Med\u017eiagos atsisiuntimui<\/a><\/li>\n<\/ul>\n<\/div>\n<\/div>\n<div id=\"techniniai-duomenys\" class=\"row slider-single-page\">\n<div class=\"col s12\">\n<div class=\"col s6\"><img decoding=\"async\" src=\"\/wp-content\/uploads\/2025\/12\/TRAPECINE-SKARDA.jpg\" alt=\"\" \/><\/div>\n<div class=\"col s6\">\n<table class=\"simple-table\">\n<tbody>\n<tr>\n<td>bendras ilgis<\/td>\n<td><span>600mm<span><\/td>\n<\/tr>\n<tr>\n<td>faktinio dengimo plotis<\/td>\n<td><span>550mm<span><\/td>\n<\/tr>\n<tr>\n<td>profilio auk\u0161tis<\/td>\n<td><span>6mm<span><\/td>\n<\/tr>\n<tr>\n<td>minimalus lapo ilgis<\/td>\n<td><span>iki 6mb<span><\/td>\n<\/tr>\n<tr>\n<td>skardos storis<\/td>\n<td><span>0,5mm &#8211; 0,75mm<span><\/td>\n<\/tr>\n<\/tbody>\n<\/table>\n<\/div>\n<\/div>\n<\/div>\n<div id=\"zaliava\" class=\"row slider-single-page slider-wrapper\">\n  <div class=\"col s12\">\n    <h5 class=\"title-sub-section\">\u017daliava<\/h5>\n  <\/div>\n\n  <div class=\"col s12 slick-slider\">\n    <div class=\"col s1 empty-space\"><\/div>\n\n    <div class=\"col s10 slider-box\">\n      <div class=\"col s12\">\n        <div class=\"col s3 circle-container\"><img decoding=\"async\" src=\"\/wp-content\/uploads\/2016\/03\/polysk.png\" alt=\"\" \/><\/div>\n        <div class=\"col s9 slider-container\">\n          <h4>Poliesteris standartas\/blizgesys storis 0,5\/0,7<\/h4>\n          <h6>Apvalkalo klas\u0117:<span><i class=\"fa fa-star active\"><\/i><i class=\"fa fa-star\"><\/i><i class=\"fa fa-star\"><\/i><i class=\"fa fa-star\"><\/i><\/span><\/h6>\n          Seniausias, labai populiarus pagrindinis organinis apvalkalas 25 \u00b5m storio, padengimas cinku 275 g\/m<sup>2<\/sup>. Pavir\u0161ius yra lygus, vienodas, su b\u016bdingu jam blizgesiu. Da\u017eniausiai naudojamas gyvenam\u0173j\u0173 nam\u0173 ir pramonini\u0173 pastat\u0173 statyboje stoguose ir fasaduose. Prieinamas daugelyje RAL palet\u0117s spalv\u0173. Pla\u010dios spalv\u0173 gamos ir prieinam\u0173 kain\u0173 d\u0117ka yra labai populiarus.\n          <br><br>\n          Garantijos laikotarpis <strong>10 met\u0173<\/strong>.\n          <br><br>\n        <\/div>\n      <\/div>\n\n      <div class=\"col s12\">\n        <table class=\"simple-table accordionTable\">\n          <caption>Apra\u0161ymas <i class=\"fa fa-angle-down\"><\/i><\/caption>\n          <tbody style=\"display: none;\">\n            <tr><td>Skardos storis<\/td><td>0,5; 0,7<\/td><\/tr>\n            <tr><td>Apvalkalo storis<\/td><td><strong>Vir\u0161utinis:<\/strong>25 mikron\u0173<br><strong>Apatinis:<\/strong>7 mikron\u0173<\/td><\/tr>\n          <\/tbody>\n        <\/table>\n\n        <table class=\"simple-table accordionTable\">\n          <caption>Eksploatacin\u0117s savyb\u0117s <i class=\"fa fa-angle-down\"><\/i><\/caption>\n          <tbody style=\"display: none;\">\n            <tr><td>Atsparumo korozijai kategorija<\/td><td>RC3<\/td><\/tr>\n            <tr><td>Atsparumo ultravioletiniams spinduliams kategorija<\/td><td>RUV2<\/td><\/tr>\n            <tr><td>Apdaila<\/td><td>Skland\u017eiai<\/td><\/tr>\n            <tr><td>Atsparumas skilin\u0117jimui sugniu\u017edant<\/td><td>&lt;= 3 T<\/td><\/tr>\n            <tr><td>Atsparumas \u012fbr\u0117\u017eimams (Clemen)<\/td><td>&gt;= 2 kg<\/td><\/tr>\n            <tr><td>Atsparumo ugniai klasifikacija<\/td><td>A1<\/td><\/tr>\n          <\/tbody>\n        <\/table>\n      <\/div>\n\n      <div class=\"col s12\" style=\"margin: 30px 0;\">\n        <div class=\"col s1 circle-box\"><div class=\"circle-box-small\" style=\"background: #2e1c1c;\"><\/div>RAL 8017<\/div>\n        <div class=\"col s1 circle-box\"><div class=\"circle-box-small\" style=\"background: #2b2629;\"><\/div>RAL 8019<\/div>\n        <div class=\"col s1 circle-box\"><div class=\"circle-box-small\" style=\"background: #262e38;\"><\/div>RAL 7016<\/div>\n        <div class=\"col s1 circle-box\"><div class=\"circle-box-small\" style=\"background: #45494e;\"><\/div>RAL 7024<\/div>\n        <div class=\"col s1 circle-box\"><div class=\"circle-box-small\" style=\"background: #0a381f;\"><\/div>RAL 6005<\/div>\n        <div class=\"col s1 circle-box\"><div class=\"circle-box-small\" style=\"background: #263829;\"><\/div>RAL 6020<\/div>\n        <div class=\"col s1 circle-box\"><div class=\"circle-box-small\" style=\"background: #85382b;\"><\/div>RAL 8004<\/div>\n        <div class=\"col s1 circle-box\"><div class=\"circle-box-small\" style=\"background: #781417;\"><\/div>RAL 3011<\/div>\n        <div class=\"col s1 circle-box\"><div class=\"circle-box-small\" style=\"background: #4f121a;\"><\/div>RAL 3005<\/div>\n        <div class=\"col s1 circle-box\"><div class=\"circle-box-small\" style=\"background: #5e2121;\"><\/div>RAL 3009<\/div>\n        <div class=\"col s1 circle-box\"><div class=\"circle-box-small\" style=\"background: #ab1f1c;\"><\/div>RAL 3000<\/div>\n        <div class=\"col s1 circle-box\"><div class=\"circle-box-small\" style=\"background: #002b70;\"><\/div>RAL 5010<\/div>\n        <div class=\"col s1 circle-box\"><div class=\"circle-box-small\" style=\"background: #faffff;\"><\/div>RAL 9010<\/div>\n        <div class=\"col s1 circle-box\"><div class=\"circle-box-small\" style=\"background: #f0ede6;\"><\/div>RAL 9002<\/div>\n        <div class=\"col s1 circle-box\"><div class=\"circle-box-small\" style=\"background: #a6abb5;\"><\/div>RAL 9006<\/div>\n      <\/div>\n    <\/div>\n\n    <div class=\"col s10 slider-box\">\n      <div class=\"col s12\">\n        <div class=\"col s3 circle-container\"><img decoding=\"async\" src=\"\/wp-content\/uploads\/2016\/03\/mat.jpg\" alt=\"\" \/><\/div>\n        <div class=\"col s9 slider-container\">\n          <h4>Poliesteris matinis<\/h4>\n          <h6>Apvalkalo klas\u0117:<span><i class=\"fa fa-star active\"><\/i><i class=\"fa fa-star active\"><\/i><i class=\"fa fa-star\"><\/i><i class=\"fa fa-star\"><\/i><\/span><\/h6>\n          Patobulinta poliesterio standartas versija. Organinio sluoksnio storis 35 \u00b5m, cinko dangos svoris ma\u017eiausiai 275 g\/m<sup>2<\/sup>. Apvalkas beveik neblizga, b\u016bna apibr\u0117\u017etas kaip stambaus gr\u016bd\u0117tumo matas. Pavir\u0161ius su lengvu \u0161iurk\u0161tumu, akytas. Tokios strukt\u016bros d\u0117ka i\u0161 toli primena \u010derpes. Apvalkalas poliesteris matas yra labai esteti\u0161kas, o tuo pa\u010diu turi labai auk\u0161tas antikorozines savybes ir yra atsparus blukimui d\u0117l saul\u0117s spinduli\u0173. Labai populiarus gyvenam\u0173j\u0173 statini\u0173 statyboje.\n          <br><br>\n          Garantijos laikotarpis <strong>10 met\u0173<\/strong>.\n          <br><br>\n        <\/div>\n      <\/div>\n\n      <div class=\"col s12\">\n        <table class=\"simple-table accordionTable\">\n          <caption>Apra\u0161ymas <i class=\"fa fa-angle-down\"><\/i><\/caption>\n          <tbody style=\"display: none;\">\n            <tr><td>Skardos storis<\/td><td>0,5<\/td><\/tr>\n            <tr><td>Apvalkalo storis<\/td><td><strong>Vir\u0161utinis:<\/strong>35 mikron\u0173<br><strong>Apatinis:<\/strong>7 mikron\u0173<\/td><\/tr>\n          <\/tbody>\n        <\/table>\n\n        <table class=\"simple-table accordionTable\">\n          <caption>Eksploatacin\u0117s savyb\u0117s <i class=\"fa fa-angle-down\"><\/i><\/caption>\n          <tbody style=\"display: none;\">\n            <tr><td>Atsparumo korozijai kategorija<\/td><td>RC3<\/td><\/tr>\n            <tr><td>Atsparumo ultravioletiniams spinduliams kategorija<\/td><td>RUV3<\/td><\/tr>\n            <tr><td>Apdaila<\/td><td>Matinis<\/td><\/tr>\n            <tr><td>Atsparumas skilin\u0117jimui sugniu\u017edant<\/td><td>&lt;= 2 T<\/td><\/tr>\n            <tr><td>Atsparumas \u012fbr\u0117\u017eimams (Clemen)<\/td><td>&gt;= 1,5 kg<\/td><\/tr>\n            <tr><td>Atsparumo ugniai klasifikacija<\/td><td>F<\/td><\/tr>\n          <\/tbody>\n        <\/table>\n      <\/div>\n\n      <div class=\"col s12\" style=\"margin: 30px 0;\">\n        <div class=\"col s1 circle-box\"><div class=\"circle-box-small\" style=\"background: #2e1c1c;\"><\/div>RAL 8017<\/div>\n        <div class=\"col s1 circle-box\"><div class=\"circle-box-small\" style=\"background: #2b2629;\"><\/div>RAL 8019<\/div>\n        <div class=\"col s1 circle-box\"><div class=\"circle-box-small\" style=\"background: #85382b;\"><\/div>RAL 8004<\/div>\n        <div class=\"col s1 circle-box\"><div class=\"circle-box-small\" style=\"background: #5e2121;\"><\/div>RAL 3009<\/div>\n        <div class=\"col s1 circle-box\"><div class=\"circle-box-small\" style=\"background: #263829;\"><\/div>RAL 6020<\/div>\n        <div class=\"col s1 circle-box\"><div class=\"circle-box-small\" style=\"background: #303845;\"><\/div>RAL 7024<\/div>\n        <div class=\"col s1 circle-box\"><div class=\"circle-box-small\" style=\"background: #262e38;\"><\/div>RAL 7016<\/div>\n        <div class=\"col s1 circle-box\"><div class=\"circle-box-small\" style=\"background: #03050a;\"><\/div>RAL 9005<\/div>\n      <\/div>\n    <\/div>\n\n    <div class=\"col s10 slider-box\">\n      <div class=\"col s12\">\n        <div class=\"col s3 circle-container\"><img decoding=\"async\" src=\"\/wp-content\/uploads\/2016\/03\/shimoco.jpg\" alt=\"\" \/><\/div>\n        <div class=\"col s9 slider-container\">\n          <h4>SHIMOCO<\/h4>\n          <h6>Apvalkalo klas\u0117:<span><i class=\"fa fa-star active\"><\/i><i class=\"fa fa-star active\"><\/i><i class=\"fa fa-star active\"><\/i><i class=\"fa fa-star\"><\/i><\/span><\/h6>\n          Moderni, labai patvari poliesterio danga. Organin\u0117s dangos storis 80 \u00b5m, cinkavimo dangos svoris Z 275 g\/m<sup>2<\/sup>. Pavir\u0161ius turi vienodo ra\u0161to strukt\u016br\u0105 (i\u0161laikant gr\u016bd\u0117tumo estetik\u0105), kuri gra\u017eiai atspindi \u0161vies\u0105. Sistemos SHIMOCO formul\u0117 garantuoja geriausi\u0105 apsaug\u0105 nuo UV ir korozijos. U\u017etikrina maksimal\u0173 elastingum\u0105 ir patvarum\u0105. Auk\u0161\u010diausios klas\u0117s atsparumas \u012fbr\u0117\u017eimams ir nutrynimams. Dang\u0105 gamina itali\u0161kas koncernas MARCEGAGLIA.\n          <br><br>\n          SHIMOCO tai puikus pasirinkimas. \u010cia auk\u0161ta kokyb\u0117 eina poroje su protinga kaina. Gaminys pasiteisins ir gyvenam\u0173j\u0173 nam\u0173 ir pramonin\u0117je statyboje.\n          <br><br>\n          Garantijos laikotarpis <strong>iki 30 met\u0173<\/strong>.\n          <br><br>\n        <\/div>\n      <\/div>\n\n      <div class=\"col s12\">\n        <table class=\"simple-table accordionTable\">\n          <caption>Apra\u0161ymas <i class=\"fa fa-angle-down\"><\/i><\/caption>\n          <tbody style=\"display: none;\">\n            <tr><td>Skardos storis<\/td><td>0,5<\/td><\/tr>\n            <tr><td>Apvalkalo storis<\/td><td><strong>Vir\u0161utinis:<\/strong>80 mikron\u0173<br><strong>Apatinis:<\/strong>7 mikron\u0173<\/td><\/tr>\n          <\/tbody>\n        <\/table>\n\n        <table class=\"simple-table accordionTable\">\n          <caption>Eksploatacin\u0117s savyb\u0117s <i class=\"fa fa-angle-down\"><\/i><\/caption>\n          <tbody style=\"display: none;\">\n            <tr><td>Atsparumo korozijai kategorija<\/td><td>RC5<\/td><\/tr>\n            <tr><td>Atsparumo ultravioletiniams spinduliams kategorija<\/td><td>RUV4<\/td><\/tr>\n            <tr><td>Apdaila<\/td><td>Poliuretano lakas i\u0161laikyti gr\u016bdus<\/td><\/tr>\n            <tr><td>Atsparumas skilin\u0117jimui sugniu\u017edant<\/td><td>&lt; 2 T<\/td><\/tr>\n            <tr><td>Atsparumas \u012fbr\u0117\u017eimams (Clemen)<\/td><td>&gt;= 2 kg<\/td><\/tr>\n            <tr><td>Atsparumo ugniai klasifikacija<\/td><td>F<\/td><\/tr>\n          <\/tbody>\n        <\/table>\n      <\/div>\n\n      <div class=\"col s12\" style=\"margin: 30px 0;\">\n        <div class=\"col s1 circle-box\"><div class=\"circle-box-small\" style=\"background: #4f121a;\"><\/div>RAL 3005<\/div>\n        <div class=\"col s1 circle-box\"><div class=\"circle-box-small\" style=\"background: #5e2121;\"><\/div>RAL 3009<\/div>\n        <div class=\"col s1 circle-box\"><div class=\"circle-box-small\" style=\"background: #781417;\"><\/div>RAL 3011<\/div>\n        <div class=\"col s1 circle-box\"><div class=\"circle-box-small\" style=\"background: #263829;\"><\/div>RAL 6020<\/div>\n        <div class=\"col s1 circle-box\"><div class=\"circle-box-small\" style=\"background: #262e38;\"><\/div>RAL 7016<\/div>\n        <div class=\"col s1 circle-box\"><div class=\"circle-box-small\" style=\"background: #85382b;\"><\/div>RAL 8004<\/div>\n        <div class=\"col s1 circle-box\"><div class=\"circle-box-small\" style=\"background: #2e1c1c;\"><\/div>RAL 8017<\/div>\n        <div class=\"col s1 circle-box\"><div class=\"circle-box-small\" style=\"background: #2b2629;\"><\/div>RAL 8019<\/div>\n        <div class=\"col s1 circle-box\"><div class=\"circle-box-small\" style=\"background: #03050a;\"><\/div>RAL 9005<\/div>\n      <\/div>\n    <\/div>\n\n    <div class=\"col s10 slider-box\">\n      <div class=\"col s12\">\n        <div class=\"col s3 circle-container\"><img decoding=\"async\" src=\"\/wp-content\/uploads\/2016\/03\/hdx.jpg\" alt=\"\" \/><\/div>\n        <div class=\"col s9 slider-container\">\n          <h4>Granite\u00ae HDX<\/h4>\n          <h6>Apvalkalo klas\u0117:<span><i class=\"fa fa-star active\"><\/i><i class=\"fa fa-star active\"><\/i><i class=\"fa fa-star active\"><\/i><i class=\"fa fa-star active\"><\/i><\/span><\/h6>\n          <p class=\"no-margin\">\n            Organin\u0117s poliuretano dangos tipas su poliamido granuli\u0173 priemai\u0161a. Organin\u0117s vir\u0161utin\u0117s dangos storis tai <strong>55 \u00b5m<\/strong>, apatin\u0117s dangos storis tai net <strong>12 \u00b5m<\/strong>, cinkavimo svoris 275 g\/m<sup>2<\/sup>. \u0160ie parametrai padaro, kad gaminys yra labai patvarus ir atsparus visokiems i\u0161oriniams veiksniams kaip oro s\u0105lygos ar mechaniniai pa\u017eeidimai. Pavir\u0161ius yra lengvai \u0161iurk\u0161tus, gr\u016bd\u0117tas. Skardos gamintojas tai metalurgijos koncernas ArcelorMittal, o daugiamet\u0117s patirties gaminant \u012fvairius skirtingus padengiamus plienus d\u0117ka, techniniu ir estetiniu at\u017evilgiu Granite\u00ae HDX tai geriausias serijos Granite\u00ae gaminys. Tai puikus sprendimas, skirtas naudoti agresyviose ir reikliose aplinkose:\n          <\/p>\n          <ul>\n            <li>\u0161alta ir dr\u0117gna aplinka<\/li>\n            <li>pakran\u010di\u0173 zonos (iki 20km nuo kranto linijos)<\/li>\n            <li>saul\u0117tos zonos, kur auk\u0161tas UV spinduliavimo lygis<\/li>\n            <li>pramonin\u0117s ir u\u017eter\u0161tos zonos<\/li>\n          <\/ul>\n          <strong>Granite\u00ae HDX<\/strong> tai idealus sprendimas reikliam klientui. Pasiteisint ir gyvenam\u0173j\u0173 nam\u0173 ir pramonin\u0117je statyboje. \u0160is gaminys gali b\u016bti naudojamas ir aklimatizavimo, \u0161ildymo ir ventiliacijos sistem\u0173 korpusams.\n          <br><br>\n          Garantijos laikotarpis <strong>iki 30 met\u0173<\/strong>.\n          <br><br>\n        <\/div>\n      <\/div>\n\n      <div class=\"col s12\">\n        <table class=\"simple-table accordionTable\">\n          <caption>Apra\u0161ymas <i class=\"fa fa-angle-down\"><\/i><\/caption>\n          <tbody style=\"display: none;\">\n            <tr><td>Skardos storis<\/td><td>0,5; 0,7<\/td><\/tr>\n            <tr><td>Apvalkalo storis<\/td><td><strong>Vir\u0161utinis:<\/strong>55 mikron\u0173<br><strong>Apatinis:<\/strong>7 mikron\u0173<\/td><\/tr>\n          <\/tbody>\n        <\/table>\n\n        <table class=\"simple-table accordionTable\">\n          <caption>Eksploatacin\u0117s savyb\u0117s <i class=\"fa fa-angle-down\"><\/i><\/caption>\n          <tbody style=\"display: none;\">\n            <tr><td>Atsparumo korozijai kategorija<\/td><td>RC5<\/td><\/tr>\n            <tr><td>Atsparumo ultravioletiniams spinduliams kategorija<\/td><td>RUV4<\/td><\/tr>\n            <tr><td>Apdaila<\/td><td>Gr\u016bd\u0117tumas<\/td><\/tr>\n            <tr><td>Atsparumas skilin\u0117jimui sugniu\u017edant<\/td><td>&lt;= 1,5 T<\/td><\/tr>\n            <tr><td>Atsparumas \u012fbr\u0117\u017eimams (Clemen)<\/td><td>&gt;= 3 kg<\/td><\/tr>\n            <tr><td>Atsparumo ugniai klasifikacija<\/td><td>F<\/td><\/tr>\n          <\/tbody>\n        <\/table>\n      <\/div>\n\n      <div class=\"col s12\" style=\"margin: 30px 0;\">\n        <div class=\"col s1 circle-box\"><div class=\"circle-box-small\" style=\"background: #2e1c1c;\"><\/div>RAL 8017<\/div>\n        <div class=\"col s1 circle-box\"><div class=\"circle-box-small\" style=\"background: #303845;\"><\/div>RAL 7016<\/div>\n      <\/div>\n    <\/div>\n\n<div class=\"col s10 slider-box\">\n  <div class=\"col s12\">\n    <div class=\"col s3 circle-container\">\n\t  <div style=\"width:170px;height:170px;border-radius:50%;overflow:hidden;margin:0 auto;\">\n\t\t<img decoding=\"async\"\n\t\t  src=\"\/wp-content\/uploads\/2025\/12\/IMG-20251028-WA0000.jpg\"\n\t\t  alt=\"Medien\u0105 imituojantis apvalkalas\"\n\t\t  style=\"width:100%;height:100%;object-fit:cover;display:block;\"\n\t\t\/>\n\t  <\/div>\n\t<\/div>\n\n\n    <div class=\"col s9 slider-container\">\n      <h4>Medien\u0105 imituojantis<\/h4>\n      <h6>Apvalkalo klas\u0117:\n        <span>\n          <i class=\"fa fa-star active\"><\/i>\n          <i class=\"fa fa-star\"><\/i>\n          <i class=\"fa fa-star\"><\/i>\n          <i class=\"fa fa-star\"><\/i>\n        <\/span>\n      <\/h6>\n\n      Modernus ir populiarus organinis apvalkalas, kurio storis <strong>25 \u00b5m<\/strong>,\n      alucinko padengimas <strong>70 g\/m<sup>2<\/sup><\/strong>.\n      Pavir\u0161ius turi medienos strukt\u016br\u0105 su matomomis juostomis ir riev\u0117mis.\n      Da\u017eniausiai naudojamas gyvenam\u0173j\u0173 ir pramonini\u0173 pastat\u0173 statyboje \u2013\n      fasadams bei tvoroms. I\u0161 \u0161ios dangos da\u017enai gaminamos lamel\u0117s,\n      pakalimai ar fasado elementai, pakei\u010diantys tradicin\u0119 medien\u0105.\n      U\u017etikrina ilgaam\u017e\u012f naudojim\u0105 be brangios prie\u017ei\u016bros.\n      <br><br>\n      Garantijos laikotarpis <strong>10 met\u0173<\/strong>.\n      <br><br>\n    <\/div>\n  <\/div>\n\n  <div class=\"col s12\">\n    <table class=\"simple-table accordionTable\">\n      <caption>Apra\u0161ymas <i class=\"fa fa-angle-down\"><\/i><\/caption>\n      <tbody style=\"display: none;\">\n        <tr>\n          <td>Skardos storis<\/td>\n          <td>0,41<\/td>\n        <\/tr>\n        <tr>\n          <td>Apvalkalo storis<\/td>\n          <td>\n            <strong>Vir\u0161utinis:<\/strong> 25 mikron\u0173<br>\n            <strong>Apatinis:<\/strong> 7 mikron\u0173 \u2013 gruntinis sluoksnis\n          <\/td>\n        <\/tr>\n      <\/tbody>\n    <\/table>\n\n    <table class=\"simple-table accordionTable\">\n      <caption>Eksploatacin\u0117s savyb\u0117s <i class=\"fa fa-angle-down\"><\/i><\/caption>\n      <tbody style=\"display: none;\">\n        <tr>\n          <td>Atsparumo korozijai kategorija<\/td>\n          <td>RC3<\/td>\n        <\/tr>\n        <tr>\n          <td>Atsparumo ultravioletiniams spinduliams kategorija<\/td>\n          <td>RUV2<\/td>\n        <\/tr>\n        <tr>\n          <td>Apdaila<\/td>\n          <td>Lygi<\/td>\n        <\/tr>\n        <tr>\n          <td>Atsparumas skilin\u0117jimui sugniu\u017edant<\/td>\n          <td>&lt;= 3 T<\/td>\n        <\/tr>\n        <tr>\n          <td>Atsparumas \u012fbr\u0117\u017eimams (Clemen)<\/td>\n          <td>&gt;= 2 kg<\/td>\n        <\/tr>\n        <tr>\n          <td>Atsparumo ugniai klasifikacija<\/td>\n          <td>A1<\/td>\n        <\/tr>\n      <\/tbody>\n    <\/table>\n  <\/div>\n\n  <div class=\"col s12\" style=\"margin: 30px 0;\">\n    <div class=\"col s2 circle-box\">\n      <div class=\"circle-box-small\" style=\"overflow:hidden;border-radius:50%;width:68px;height:68px;\">\n        <img decoding=\"async\" src=\"\/wp-content\/uploads\/2025\/12\/IMG-20251028-WA0007.jpg\" alt=\"Auksinis \u0105\u017euolas\" style=\"width:100%;height:100%;object-fit:cover;\">\n      <\/div>\n      Auksinis \u0105\u017euolas\n    <\/div>\n\n    <div class=\"col s2 circle-box\">\n      <div class=\"circle-box-small\" style=\"overflow:hidden;border-radius:50%;width:68px;height:68px;\">\n        <img decoding=\"async\" src=\"\/wp-content\/uploads\/2025\/12\/IMG-20251028-WA0000.jpg\" alt=\"Tamsus \u0105\u017euolas\" style=\"width:100%;height:100%;object-fit:cover;\">\n      <\/div>\n      Tamsus \u0105\u017euolas\n    <\/div>\n\n    <div class=\"col s2 circle-box\">\n      <div class=\"circle-box-small\" style=\"overflow:hidden;border-radius:50%;width:68px;height:68px;\">\n        <img decoding=\"async\" src=\"\/wp-content\/uploads\/2025\/12\/IMG-20251028-WA0003.jpg\" alt=\"Grafitas\" style=\"width:100%;height:100%;object-fit:cover;\">\n      <\/div>\n      Grafitas\n    <\/div>\n  <\/div>\n<\/div>\n\n    <div class=\"col s1 empty-space\"><\/div>\n  <\/div>\n<\/div>\n\n<div id=\"skardos-struktura\" class=\"row slider-single-page\">\n  <div class=\"col s12\">\n    <h4 class=\"title-sub-section\">Skardos strukt\u016bra<\/h4>\n    <img decoding=\"async\" src=\"\/wp-content\/uploads\/2016\/03\/sheet-metal-structure.png\" alt=\"\" \/>\n  <\/div>\n<\/div>\n<\/div>\n<\/div>\n<div id=\"medziagos-atsisiuntimui\" class=\"row slider-single-page\"><\/div>\n","protected":false},"excerpt":{"rendered":"<p>Techniniai duomenys \u017daliava Skardos strukt\u016bra Med\u017eiagos atsisiuntimui bendras ilgis 600mm faktinio dengimo plotis 550mm profilio auk\u0161tis 6mm minimalus lapo ilgis iki 6mb skardos storis 0,5mm &#8211; 0,75mm<\/p>\n","protected":false},"author":2,"featured_media":0,"parent":2060,"menu_order":4,"comment_status":"closed","ping_status":"closed","template":"templates\/template-roof.php","meta":{"footnotes":""},"class_list":["post-4930","page","type-page","status-publish","hentry"],"_links":{"self":[{"href":"https:\/\/www.rozbud.eu\/lt\/wp-json\/wp\/v2\/pages\/4930"}],"collection":[{"href":"https:\/\/www.rozbud.eu\/lt\/wp-json\/wp\/v2\/pages"}],"about":[{"href":"https:\/\/www.rozbud.eu\/lt\/wp-json\/wp\/v2\/types\/page"}],"author":[{"embeddable":true,"href":"https:\/\/www.rozbud.eu\/lt\/wp-json\/wp\/v2\/users\/2"}],"replies":[{"embeddable":true,"href":"https:\/\/www.rozbud.eu\/lt\/wp-json\/wp\/v2\/comments?post=4930"}],"version-history":[{"count":4,"href":"https:\/\/www.rozbud.eu\/lt\/wp-json\/wp\/v2\/pages\/4930\/revisions"}],"predecessor-version":[{"id":5105,"href":"https:\/\/www.rozbud.eu\/lt\/wp-json\/wp\/v2\/pages\/4930\/revisions\/5105"}],"up":[{"embeddable":true,"href":"https:\/\/www.rozbud.eu\/lt\/wp-json\/wp\/v2\/pages\/2060"}],"wp:attachment":[{"href":"https:\/\/www.rozbud.eu\/lt\/wp-json\/wp\/v2\/media?parent=4930"}],"curies":[{"name":"wp","href":"https:\/\/api.w.org\/{rel}","templated":true}]}}