{"id":2853,"date":"2016-11-23T18:54:29","date_gmt":"2016-11-23T17:54:29","guid":{"rendered":"http:\/\/www.rozbud.eu\/lt\/?page_id=2853"},"modified":"2018-04-27T14:33:38","modified_gmt":"2018-04-27T12:33:38","slug":"parsisiusti","status":"publish","type":"page","link":"https:\/\/www.rozbud.eu\/lt\/parsisiusti\/","title":{"rendered":"Parsisi\u0173sti"},"content":{"rendered":"<div class=\"container\">\n<div class=\"row\">\n<h4 class=\"title-sub-section\">Katalogai<\/h4>\n<div class=\"col s2 document-box\"><a href=\"http:\/\/www.rozbud.eu\/wp-content\/uploads\/2016\/11\/katalog_stalowy-system-rynnowy_Rozbud-2017.pdf\"<\/a><img decoding=\"async\" src=\"\/wp-content\/uploads\/2015\/12\/katalog.png\" alt=\"\" \/><span>System rynnowy ORINO<\/span><\/a><\/div>\n<div class=\"col s2 document-box\"><a href=\"http:\/\/www.rozbud.eu\/wp-content\/uploads\/2016\/11\/katalog_profil-produkcji_Rozbud-2017.pdf\"<\/a><img decoding=\"async\" src=\"\/wp-content\/uploads\/2015\/12\/katalog.png\" alt=\"\" \/><span>Katalog produkcji<\/span><\/a><\/div>\n<\/div>\n<\/div>\n<div class=\"container\">\n<div class=\"row\">\n<h4 class=\"title-sub-section\">Kainora\u0161tis<\/h4>\n<div class=\"col s2 document-box\"><a href=\"http:\/\/www.rozbud.eu\/wp-content\/uploads\/2015\/12\/Katalog-Rozbud-2016-3str.pdf\"<\/a><img decoding=\"async\" src=\"http:\/\/www.rozbud.eu\/wp-content\/uploads\/2015\/12\/cennik.png\" alt=\"\" \/><span>Cennik detaliczny systemu rynnowego<\/span><\/a><\/div>\n<\/div>\n<\/div>\n<div class=\"container\">\n<div class=\"row\">\n<h4 class=\"title-sub-section\">Diegimo instrukcijos<\/h4>\n<div class=\"col s2 document-box\"><a href=\"http:\/\/www.rozbud.eu\/wp-content\/uploads\/2015\/12\/ROZBUD_INSTRUKCJA-MONTA\u017bU-SYSTEMU-RYNNOWEGO.pdf\"<\/a><img decoding=\"async\" src=\"\/wp-content\/uploads\/2015\/12\/instrukcja-montazu.png\" alt=\"\" \/><span>System rynnowy ORINO<\/span><\/a><\/div>\n<div class=\"col s2 document-box\"><a href=\"www.rozbud.eu\/wp-content\/uploads\/2016\/11\/ROZBUD_INSTRUKCJA-MONTA\u017bU-BLACHODACH\u00d3WKIpopr2.pdf\"<\/a><img decoding=\"async\" src=\"\/wp-content\/uploads\/2015\/12\/instrukcja-montazu.png\" alt=\"\" \/><span>Blachodach\u00f3wka<\/span><\/a><\/div>\n<div class=\"col s2 document-box\"><a href=\"http:\/\/www.rozbud.eu\/wp-content\/uploads\/2015\/12\/ROZBUD_INSTRUKCJA-MONTA\u017bU-BLACHODACH\u00d3WKI-MODU\u0141OWEJ.pdf\"<\/a><img decoding=\"async\" src=\"\/wp-content\/uploads\/2015\/12\/instrukcja-montazu.png\" alt=\"\" \/><span>Blachodach\u00f3wka modu\u0142owa<\/span><\/a><\/div>\n<div class=\"col s2 document-box\"><a href=\"http:\/\/www.rozbud.eu\/wp-content\/uploads\/2016\/05\/ROZBUD_INSTRUKCJA-MONTA\u017bU-PANELU-DACHOWEGO-1-1.pdf\"<\/a><img decoding=\"async\" src=\"\/wp-content\/uploads\/2015\/12\/instrukcja-montazu.png\" alt=\"\" \/><span>Panel dachowy na r\u0105bek<\/span><\/a><\/div>\n<div class=\"col s2 document-box\"><a href=\"http:\/\/www.rozbud.eu\/wp-content\/uploads\/2015\/12\/ROZBUD_INSTRUKCJA-MONTA\u017bU-BLACHY-TRAPEZOWEJ-2.pdf\"<\/a><img decoding=\"async\" src=\"\/wp-content\/uploads\/2015\/12\/instrukcja-montazu.png\" alt=\"\" \/><span>Blacha trapezowa<\/span><\/a><\/div>\n<\/div>\n<\/div>\n","protected":false},"excerpt":{"rendered":"<p>Katalogai<\/p>\n","protected":false},"author":2,"featured_media":0,"parent":0,"menu_order":0,"comment_status":"closed","ping_status":"closed","template":"","meta":{"footnotes":""},"class_list":["post-2853","page","type-page","status-publish","hentry"],"_links":{"self":[{"href":"https:\/\/www.rozbud.eu\/lt\/wp-json\/wp\/v2\/pages\/2853"}],"collection":[{"href":"https:\/\/www.rozbud.eu\/lt\/wp-json\/wp\/v2\/pages"}],"about":[{"href":"https:\/\/www.rozbud.eu\/lt\/wp-json\/wp\/v2\/types\/page"}],"author":[{"embeddable":true,"href":"https:\/\/www.rozbud.eu\/lt\/wp-json\/wp\/v2\/users\/2"}],"replies":[{"embeddable":true,"href":"https:\/\/www.rozbud.eu\/lt\/wp-json\/wp\/v2\/comments?post=2853"}],"version-history":[{"count":0,"href":"https:\/\/www.rozbud.eu\/lt\/wp-json\/wp\/v2\/pages\/2853\/revisions"}],"wp:attachment":[{"href":"https:\/\/www.rozbud.eu\/lt\/wp-json\/wp\/v2\/media?parent=2853"}],"curies":[{"name":"wp","href":"https:\/\/api.w.org\/{rel}","templated":true}]}}