{"id":2166,"date":"2016-03-30T11:41:27","date_gmt":"2016-03-30T09:41:27","guid":{"rendered":"http:\/\/budowlana.g-soft.pl\/lt\/?page_id=2166"},"modified":"2025-12-22T08:42:38","modified_gmt":"2025-12-22T07:42:38","slug":"plienines-lataku-sistemos-gamintojas","status":"publish","type":"page","link":"https:\/\/www.rozbud.eu\/lt\/plienines-lataku-sistemos-gamintojas\/","title":{"rendered":"Plienin\u0117s latak\u0173 sistemos gamintojas"},"content":{"rendered":"<div class=\"container\">\n<div class=\"row\">\n<div class=\"col s6\">\n<img decoding=\"async\" src=\"\/wp-content\/uploads\/2016\/03\/elementai-lataku-sistemos.jpg\" alt=\"\" \/>\n<\/div>\n<div class=\"col s6\">\n<img decoding=\"async\" src=\"\/wp-content\/uploads\/2016\/07\/Orino-mniejsze-na-stron\u0119.jpg\" alt=\"\" height=\"60\" style=\"margin: 40px auto; display: block;\" \/><\/p>\n<p style=\"margin-bottom: 30px; line-height: 24px;\">Metalini\u0173 latak\u0173 sistema <span style=\"color: #c31622;\">ORINO<\/span> tai visi\u0161kai sukomplektuota, patvari sistema, leid\u017eianti nuvesti atmosferines atliekas.<\/p>\n<p style=\"margin-bottom: 30px; line-height: 24px;\">Montavimas yra labai lengvas, nereikalauja litavimo nei papildom\u0173 sujungimo med\u017eiag\u0173 naudojimo.<\/p>\n<p style=\"margin-bottom: 30px; line-height: 24px;\">Montavimas su u\u017eraktu bei panaudojant plat\u0173, gumin\u012f tarpikl\u012f ant jungiam\u0173j\u0173 element\u0173 garantuoja sandarum\u0105, montavimo paprastum\u0105 bei visos sistemos pritaikym\u0105.<br \/>\nAuk\u0161tos kokyb\u0117s med\u017eiagos bei moderni gamybos linija leid\u017eia pagaminti patvari\u0105 latak\u0173 sistem\u0105.<br \/>\nTod\u0117l suteikiame iki <span style=\"color: #c31622;\">25 met\u0173 garantij\u0105!!!<\/span><\/p>\n<p style=\"margin-bottom: 30px; line-height: 24px;\">Pritaikytas dizainas tinka tiek tradicinei tiek moderniai statybai.<\/p>\n<p style=\"line-height: 24px;\">Si\u016blome <span style=\"color: #c31622;\">du sistemos dyd\u017eius \u00d8125\/87 bei \u00d8150\/97<\/span>.<\/p>\n<\/div>\n<\/div>\n<\/div>\n<div class=\"container\">\n<div class=\"row\">\n<hr style=\"border: 0; width: 100%; height: 4px; background: #f3f3f3; margin: 40px 0 30px 0;\" \/>\n<\/div>\n<\/div>\n<section id=\"offer-front\">\r\n    <div class=\"container\">\r\n        <div class=\"row\">\r\n            <div id=\"offer-front-tabs\" class=\"col s12\">\r\n                <ul class=\"col s3 offer-tabs\">\r\n                    \t\t\t\t\t<li><a href=\"#latako-pagrindas\">Latako pagrindas<\/a><\/li>\r\n                    \t\t\t\t\t<li><a href=\"#latakas\">Latakas<\/a><\/li>\r\n                    \t\t\t\t\t<li><a href=\"#vidinis-kampas\">Vidinis kampas<\/a><\/li>\r\n                    \t\t\t\t\t<li><a href=\"#isorinis-kampas\">I\u0161orinis kampas<\/a><\/li>\r\n                    \t\t\t\t\t<li><a href=\"#priekinis-latako-kablys\">Priekinis latako kablys<\/a><\/li>\r\n                    \t\t\t\t\t<li><a href=\"#ilgas-latako-kablys\">Ilgas latako kablys<\/a><\/li>\r\n                    \t\t\t\t\t<li><a href=\"#latako-jungtis-su-kabliu\">Latako jungtis su kabliu<\/a><\/li>\r\n                    \t\t\t\t\t<li><a href=\"#piltuvas-nuleidimui\">Piltuvas nuleidimui<\/a><\/li>\r\n                    \t\t\t\t\t<li><a href=\"#alkune\">Alk\u016bn\u0117<\/a><\/li>\r\n                    \t\t\t\t\t<li><a href=\"#trisakis\">Tri\u0161akis<\/a><\/li>\r\n                    \t\t\t\t\t<li><a href=\"#vamzdzio-apkaba-priekinis\">Vamzd\u017eio apkaba priekinis<\/a><\/li>\r\n                    \t\t\t\t\t<li><a href=\"#vamzdzio-apkaba-su-kabliu\">Vamzd\u017eio apkaba su kabliu<\/a><\/li>\r\n                    \t\t\t\t\t<li><a href=\"#nuleidimo-vamzdis\">Nuleidimo vamzdis<\/a><\/li>\r\n                    \t\t\t\t\t<li><a href=\"#mova\">Mova<\/a><\/li>\r\n                    \t\t\t\t\t<li><a href=\"#snapelis\">Snapelis<\/a><\/li>\r\n                                    <\/ul>\r\n                                <div id=\"latako-pagrindas\" class=\"col s9 offer-tabs-content\" style=\"display: none;\">\r\n                    <img loading=\"lazy\" decoding=\"async\" src=\"\/wp-content\/uploads\/2016\/02\/denko-rynny.jpg\" alt=\"\" width=\"800\" height=\"533\" class=\"aligncenter size-full wp-image-818\" srcset=\"https:\/\/www.rozbud.eu\/wp-content\/uploads\/2016\/02\/denko-rynny.jpg 800w, https:\/\/www.rozbud.eu\/wp-content\/uploads\/2016\/02\/denko-rynny-300x200.jpg 300w, https:\/\/www.rozbud.eu\/wp-content\/uploads\/2016\/02\/denko-rynny-768x512.jpg 768w\" sizes=\"(max-width: 800px) 100vw, 800px\" \/>                <\/div>\r\n                                <div id=\"latakas\" class=\"col s9 offer-tabs-content\" style=\"display: none;\">\r\n                    <img loading=\"lazy\" decoding=\"async\" src=\"\/wp-content\/uploads\/2016\/02\/rynna.jpg\" alt=\"\" width=\"800\" height=\"533\" class=\"aligncenter size-full wp-image-820\" srcset=\"https:\/\/www.rozbud.eu\/wp-content\/uploads\/2016\/02\/rynna.jpg 800w, https:\/\/www.rozbud.eu\/wp-content\/uploads\/2016\/02\/rynna-300x200.jpg 300w, https:\/\/www.rozbud.eu\/wp-content\/uploads\/2016\/02\/rynna-768x512.jpg 768w\" sizes=\"(max-width: 800px) 100vw, 800px\" \/>                <\/div>\r\n                                <div id=\"vidinis-kampas\" class=\"col s9 offer-tabs-content\" style=\"display: none;\">\r\n                    <img loading=\"lazy\" decoding=\"async\" src=\"\/wp-content\/uploads\/2015\/12\/naroznik-wewnetrzny.jpg\" alt=\"\" width=\"800\" height=\"533\" class=\"aligncenter size-full wp-image-825\" \/>                <\/div>\r\n                                <div id=\"isorinis-kampas\" class=\"col s9 offer-tabs-content\" style=\"display: none;\">\r\n                    <img loading=\"lazy\" decoding=\"async\" src=\"\/wp-content\/uploads\/2015\/12\/naroznik-zewnetrzny.jpg\" alt=\"\" width=\"800\" height=\"533\" class=\"aligncenter size-full wp-image-827\" \/>                <\/div>\r\n                                <div id=\"priekinis-latako-kablys\" class=\"col s9 offer-tabs-content\" style=\"display: none;\">\r\n                    <img loading=\"lazy\" decoding=\"async\" src=\"\/wp-content\/uploads\/2015\/12\/hak-rynny-doczolowy.jpg\" alt=\"\" width=\"800\" height=\"533\" class=\"aligncenter size-full wp-image-829\" \/>                <\/div>\r\n                                <div id=\"ilgas-latako-kablys\" class=\"col s9 offer-tabs-content\" style=\"display: none;\">\r\n                    <img loading=\"lazy\" decoding=\"async\" src=\"\/wp-content\/uploads\/2016\/02\/hak-rynny-dlugi.jpg\" alt=\"\" width=\"800\" height=\"533\" class=\"aligncenter size-full wp-image-832\" \/>                <\/div>\r\n                                <div id=\"latako-jungtis-su-kabliu\" class=\"col s9 offer-tabs-content\" style=\"display: none;\">\r\n                    <img loading=\"lazy\" decoding=\"async\" src=\"\/wp-content\/uploads\/2016\/02\/lacznik-rynny-z-klamra.jpg\" alt=\"\" width=\"800\" height=\"533\" class=\"aligncenter size-full wp-image-835\" srcset=\"https:\/\/www.rozbud.eu\/wp-content\/uploads\/2016\/02\/lacznik-rynny-z-klamra.jpg 800w, https:\/\/www.rozbud.eu\/wp-content\/uploads\/2016\/02\/lacznik-rynny-z-klamra-300x200.jpg 300w, https:\/\/www.rozbud.eu\/wp-content\/uploads\/2016\/02\/lacznik-rynny-z-klamra-768x512.jpg 768w\" sizes=\"(max-width: 800px) 100vw, 800px\" \/>                <\/div>\r\n                                <div id=\"piltuvas-nuleidimui\" class=\"col s9 offer-tabs-content\" style=\"display: none;\">\r\n                    <img loading=\"lazy\" decoding=\"async\" src=\"\/wp-content\/uploads\/2016\/02\/lej-spustowy.jpg\" alt=\"\" width=\"800\" height=\"533\" class=\"aligncenter size-full wp-image-838\" srcset=\"https:\/\/www.rozbud.eu\/wp-content\/uploads\/2016\/02\/lej-spustowy.jpg 800w, https:\/\/www.rozbud.eu\/wp-content\/uploads\/2016\/02\/lej-spustowy-300x200.jpg 300w, https:\/\/www.rozbud.eu\/wp-content\/uploads\/2016\/02\/lej-spustowy-768x512.jpg 768w\" sizes=\"(max-width: 800px) 100vw, 800px\" \/>                <\/div>\r\n                                <div id=\"alkune\" class=\"col s9 offer-tabs-content\" style=\"display: none;\">\r\n                    <img loading=\"lazy\" decoding=\"async\" src=\"\/wp-content\/uploads\/2016\/02\/kolanko.jpg\" alt=\"\" width=\"800\" height=\"533\" class=\"aligncenter size-full wp-image-841\" srcset=\"https:\/\/www.rozbud.eu\/wp-content\/uploads\/2016\/02\/kolanko.jpg 800w, https:\/\/www.rozbud.eu\/wp-content\/uploads\/2016\/02\/kolanko-300x200.jpg 300w, https:\/\/www.rozbud.eu\/wp-content\/uploads\/2016\/02\/kolanko-768x512.jpg 768w\" sizes=\"(max-width: 800px) 100vw, 800px\" \/>                <\/div>\r\n                                <div id=\"trisakis\" class=\"col s9 offer-tabs-content\" style=\"display: none;\">\r\n                    <img loading=\"lazy\" decoding=\"async\" src=\"\/wp-content\/uploads\/2016\/02\/trojnik.jpg\" alt=\"\" width=\"800\" height=\"533\" class=\"aligncenter size-full wp-image-843\" srcset=\"https:\/\/www.rozbud.eu\/wp-content\/uploads\/2016\/02\/trojnik.jpg 800w, https:\/\/www.rozbud.eu\/wp-content\/uploads\/2016\/02\/trojnik-300x200.jpg 300w, https:\/\/www.rozbud.eu\/wp-content\/uploads\/2016\/02\/trojnik-768x512.jpg 768w\" sizes=\"(max-width: 800px) 100vw, 800px\" \/>                <\/div>\r\n                                <div id=\"vamzdzio-apkaba-priekinis\" class=\"col s9 offer-tabs-content\" style=\"display: none;\">\r\n                    <img loading=\"lazy\" decoding=\"async\" src=\"\/wp-content\/uploads\/2016\/02\/obejma-rury-doczolowa.jpg\" alt=\"\" width=\"800\" height=\"533\" class=\"aligncenter size-full wp-image-846\" srcset=\"https:\/\/www.rozbud.eu\/wp-content\/uploads\/2016\/02\/obejma-rury-doczolowa.jpg 800w, https:\/\/www.rozbud.eu\/wp-content\/uploads\/2016\/02\/obejma-rury-doczolowa-300x200.jpg 300w, https:\/\/www.rozbud.eu\/wp-content\/uploads\/2016\/02\/obejma-rury-doczolowa-768x512.jpg 768w\" sizes=\"(max-width: 800px) 100vw, 800px\" \/>                <\/div>\r\n                                <div id=\"vamzdzio-apkaba-su-kabliu\" class=\"col s9 offer-tabs-content\" style=\"display: none;\">\r\n                    <img loading=\"lazy\" decoding=\"async\" src=\"\/wp-content\/uploads\/2016\/02\/obejma-rury-z-hakiem.jpg\" alt=\"\" width=\"800\" height=\"533\" class=\"aligncenter size-full wp-image-848\" srcset=\"https:\/\/www.rozbud.eu\/wp-content\/uploads\/2016\/02\/obejma-rury-z-hakiem.jpg 800w, https:\/\/www.rozbud.eu\/wp-content\/uploads\/2016\/02\/obejma-rury-z-hakiem-300x200.jpg 300w, https:\/\/www.rozbud.eu\/wp-content\/uploads\/2016\/02\/obejma-rury-z-hakiem-768x512.jpg 768w\" sizes=\"(max-width: 800px) 100vw, 800px\" \/>                <\/div>\r\n                                <div id=\"nuleidimo-vamzdis\" class=\"col s9 offer-tabs-content\" style=\"display: none;\">\r\n                    <img loading=\"lazy\" decoding=\"async\" src=\"\/wp-content\/uploads\/2016\/02\/rura-spustowa.jpg\" alt=\"\" width=\"800\" height=\"533\" class=\"aligncenter size-full wp-image-850\" srcset=\"https:\/\/www.rozbud.eu\/wp-content\/uploads\/2016\/02\/rura-spustowa.jpg 800w, https:\/\/www.rozbud.eu\/wp-content\/uploads\/2016\/02\/rura-spustowa-300x200.jpg 300w, https:\/\/www.rozbud.eu\/wp-content\/uploads\/2016\/02\/rura-spustowa-768x512.jpg 768w\" sizes=\"(max-width: 800px) 100vw, 800px\" \/>                <\/div>\r\n                                <div id=\"mova\" class=\"col s9 offer-tabs-content\" style=\"display: none;\">\r\n                    <img loading=\"lazy\" decoding=\"async\" src=\"\/wp-content\/uploads\/2016\/02\/mufa.jpg\" alt=\"\" width=\"800\" height=\"533\" class=\"aligncenter size-full wp-image-852\" srcset=\"https:\/\/www.rozbud.eu\/wp-content\/uploads\/2016\/02\/mufa.jpg 800w, https:\/\/www.rozbud.eu\/wp-content\/uploads\/2016\/02\/mufa-300x200.jpg 300w, https:\/\/www.rozbud.eu\/wp-content\/uploads\/2016\/02\/mufa-768x512.jpg 768w\" sizes=\"(max-width: 800px) 100vw, 800px\" \/>                <\/div>\r\n                                <div id=\"snapelis\" class=\"col s9 offer-tabs-content\" style=\"display: none;\">\r\n                    <img loading=\"lazy\" decoding=\"async\" src=\"\/wp-content\/uploads\/2015\/12\/wylot-rynny.jpg\" alt=\"\" width=\"800\" height=\"533\" class=\"aligncenter size-full wp-image-854\" \/>                <\/div>\r\n                            <\/div>\r\n        <\/div>\r\n    <\/div>\r\n<\/section>\n<div class=\"double-colour-box clearfix\" style=\"width: 100%;\">\n<div class=\"red-box\">\n<img decoding=\"async\" src=\"\/wp-content\/uploads\/2016\/03\/dangos-bulvarine-sistema.jpg\" alt=\"\" \/>\n<\/div>\n<div class=\"black-box\" style=\"padding: 60px 0px 60px 40px;\">\n<p>Metalin\u0117 latak\u0173 sistema ORINO pagaminta i\u0161 auk\u0161\u010diausios kokyb\u0117s cinkuotos plieno skardos 275g Zn\/m<sup>2<\/sup>, i\u0161 abiej\u0173 pusi\u0173 padengtos gruntiniu sluoksniu.<br \/>\nTo d\u0117ka jau pirmas sluoksnis apsaugo nuo kenksming\u0173 atmosferos veiksni\u0173, pirmiausia nuo korozijos.<\/p>\n<p>Svarbiausias sluoksnis tai auk\u0161tos klas\u0117s poliuretano danga.<br \/>\n\u0160iuo metu tai patvariausia ir geriausia rinkoje danga, naudojama ant metalini\u0173 pavir\u0161i\u0173. Pasi\u017eymi pirmiausia auk\u0161tu atsparum\u0173 atmosferos veiksniams kaip lietus ar saul\u0117. U\u017ekerta keli\u0105 korozijai bei kas labai svarbu yra atspari blukimui.<\/p>\n<p>Be to poliuretano danga yra esteti\u0161ka, \u0161velnus blizgesys diskreti\u0161kai suteiks \u0161vie\u017eumo tiek moderniems kaip ir tradiciniams pastatams.<\/p>\n<p>Visi sluoksniai, apsaugantys plienin\u0119 skard\u0105 yra u\u017ed\u0117ti ant jos i\u0161 dviej\u0173 pusi\u0173, ko d\u0117ka ji yra visi\u0161kai apsaugotu gaminiu.<\/p>\n<\/div>\n<\/div>\n<div class=\"container\">\n<div class=\"row\">\n<h4 class=\"title-sub-section\">Prieinamos spalvos<\/h4>\n<div class=\"col s2 colour-box\"><span style=\"background: #262E38;\"><\/span><\/p>\n<p>Grafitas<\/p>\n<\/div>\n<div class=\"col s2 colour-box\"><span style=\"background: #85382B;\"><\/span><\/p>\n<p>Plyt\u0173 spalva<\/p>\n<\/div>\n<div class=\"col s2 colour-box\"><span style=\"background: #263829;\"><\/span><\/p>\n<p>\u017dalia<\/p>\n<\/div>\n<div class=\"col s2 colour-box\"><span style=\"background: #5C402A;\"><\/span><\/p>\n<p>Ruda<\/p>\n<\/div>\n<div class=\"col s2 colour-box\"><span style=\"background: #332218;\"><\/span><\/p>\n<p>Tamsiai ruda<\/p>\n<\/div>\n<div class=\"col s2 colour-box\"><span style=\"background: #000000;\"><\/span><\/p>\n<p>Juoda<\/p>\n<\/div>\n<div class=\"col s2 colour-box\"><span style=\"background: #A7ABB6;\"><\/span><\/p>\n<p>Alucinkas<\/p>\n<\/div>\n<\/div>\n<\/div>\n<div class=\"container\">\n<div class=\"row\">\n<h4 class=\"title-sub-section\">Med\u017eiagos atsisiuntimui<\/h4>\n<div class=\"col s2 document-box\"><a href=\"http:\/\/www.rozbud.eu\/wp-content\/uploads\/2025\/12\/Katalog_stalowy-system-rynnowy_a4_Rozdbud_20252.pdf\"><img decoding=\"async\" src=\"\/wp-content\/uploads\/2015\/12\/katalog.png\" alt=\"\" \/><span>Katalog<\/span><\/a><\/div>\n<div class=\"col s2 document-box\"><a href=\"\/\/www.rozbud.eu\/wp-content\/uploads\/2025\/12\/cennik_stalowy-system-rynnowy_a4_Rozdbud_2025_str-31.pdf\"><img decoding=\"async\" src=\"\/wp-content\/uploads\/2015\/12\/certyfikat.png\" alt=\"\" \/><span>Pa\u017eym\u0117jimas<\/span><\/a><\/div>\n<div class=\"col s2 document-box\"><a href=\"http:\/\/www.rozbud.eu\/wp-content\/uploads\/2015\/12\/ROZBUD_INSTRUKCJA-MONTA\u017bU-SYSTEMU-RYNNOWEGO.pdf\"><img decoding=\"async\" src=\"\/wp-content\/uploads\/2015\/12\/instrukcja-montazu.png\" alt=\"\" \/><span>Diegimo instrukcijos<\/span><\/a><\/div>\n<\/div>\n<\/div>\n","protected":false},"excerpt":{"rendered":"<p>Metalini\u0173 latak\u0173 sistema ORINO tai visi\u0161kai sukomplektuota, patvari sistema, leid\u017eianti nuvesti atmosferines atliekas. Montavimas yra labai lengvas, nereikalauja litavimo nei papildom\u0173 sujungimo med\u017eiag\u0173 naudojimo. Montavimas su u\u017eraktu bei panaudojant plat\u0173, gumin\u012f tarpikl\u012f ant jungiam\u0173j\u0173 element\u0173 garantuoja sandarum\u0105, montavimo paprastum\u0105 bei visos sistemos pritaikym\u0105. Auk\u0161tos kokyb\u0117s med\u017eiagos bei moderni gamybos linija leid\u017eia pagaminti patvari\u0105 latak\u0173 sistem\u0105. [&hellip;]<\/p>\n","protected":false},"author":1,"featured_media":0,"parent":0,"menu_order":0,"comment_status":"closed","ping_status":"closed","template":"templates\/template-gutter.php","meta":{"footnotes":""},"class_list":["post-2166","page","type-page","status-publish","hentry"],"_links":{"self":[{"href":"https:\/\/www.rozbud.eu\/lt\/wp-json\/wp\/v2\/pages\/2166"}],"collection":[{"href":"https:\/\/www.rozbud.eu\/lt\/wp-json\/wp\/v2\/pages"}],"about":[{"href":"https:\/\/www.rozbud.eu\/lt\/wp-json\/wp\/v2\/types\/page"}],"author":[{"embeddable":true,"href":"https:\/\/www.rozbud.eu\/lt\/wp-json\/wp\/v2\/users\/1"}],"replies":[{"embeddable":true,"href":"https:\/\/www.rozbud.eu\/lt\/wp-json\/wp\/v2\/comments?post=2166"}],"version-history":[{"count":2,"href":"https:\/\/www.rozbud.eu\/lt\/wp-json\/wp\/v2\/pages\/2166\/revisions"}],"predecessor-version":[{"id":5147,"href":"https:\/\/www.rozbud.eu\/lt\/wp-json\/wp\/v2\/pages\/2166\/revisions\/5147"}],"wp:attachment":[{"href":"https:\/\/www.rozbud.eu\/lt\/wp-json\/wp\/v2\/media?parent=2166"}],"curies":[{"name":"wp","href":"https:\/\/api.w.org\/{rel}","templated":true}]}}