{"id":2113,"date":"2016-03-30T11:23:24","date_gmt":"2016-03-30T09:23:24","guid":{"rendered":"http:\/\/budowlana.g-soft.pl\/lt\/?page_id=2113"},"modified":"2016-06-07T21:13:13","modified_gmt":"2016-06-07T19:13:13","slug":"betono-gamintojas","status":"publish","type":"page","link":"https:\/\/www.rozbud.eu\/lt\/betono-gamintojas\/","title":{"rendered":"Betono gamintojas"},"content":{"rendered":"<div class=\"row\">\n<div class=\"col s6\">\n<img loading=\"lazy\" decoding=\"async\" src=\"http:\/\/www.rozbud.eu\/wp-content\/uploads\/2016\/01\/Betoniarnia-na-strone2-300x199.jpg\" width=\"570\" height=\"379\" class=\"alignnone size-medium wp-image-2594\" alt=\"\" style=\"cursor: pointer; max-width: 100%;\" srcset=\"https:\/\/www.rozbud.eu\/wp-content\/uploads\/2016\/01\/Betoniarnia-na-strone2-300x199.jpg 300w, https:\/\/www.rozbud.eu\/wp-content\/uploads\/2016\/01\/Betoniarnia-na-strone2-208x138.jpg 208w, https:\/\/www.rozbud.eu\/wp-content\/uploads\/2016\/01\/Betoniarnia-na-strone2.jpg 570w\" sizes=\"(max-width: 570px) 100vw, 570px\" \/>\n<\/div>\n<div class=\"col s6\">\n<p style=\"margin: 30px 0; text-align: justify; line-height: 24px;\">\nBeton\u0105 gaminame dviejuose pilnai automatizuotuose, valdomuose kompiuterio pagalba betono mazguose. Moderni\u0173 gamykl\u0173 ir bendradarbiavimo su patikimais gamintojais ir tiek\u0117jais d\u0117ka esame \u012fsitikin\u0119, kad m\u016bs\u0173 \u012emon\u0117 teikia auk\u0161tos kokyb\u0117s gaminius. Gaminami betoniniai mi\u0161iniai yra tikrinami specialiose laboratorijose, kas patvirtina stabilius ir pastovius gaminio parametrus.\n<\/p>\n<p style=\"margin-bottom: 30px; text-align: justify; line-height: 24px; color: #da2128;\">Turime sunkve\u017eimi\u0173, skirt\u0173 betono transportavimui ir siurbimui park\u0105.<\/p>\n<\/div>\n<\/div>\n<div class=\"row concrete-code\"><section id=\"offer-front\">\r\n    <div class=\"container\">\r\n        <div class=\"row\">\r\n            <div id=\"offer-front-tabs\" class=\"col s12\">\r\n                <ul class=\"col s3 offer-tabs\">\r\n                    \t\t\t\t\t<li><a href=\"#betoniniai-blokeliais-m6-38x24x12\">Betoniniai blokeliais M6 (38x24x12)<\/a><\/li>\r\n                    \t\t\t\t\t<li><a href=\"#paprastas-betonas\">Paprastas betonas<\/a><\/li>\r\n                    \t\t\t\t\t<li><a href=\"#grindu-betonai\">Grind\u0173 betonai<\/a><\/li>\r\n                    \t\t\t\t\t<li><a href=\"#grindu-betonai-su-paskirstyta-armatura\">Grind\u0173 betonai su paskirstyta armat\u016bra<\/a><\/li>\r\n                    \t\t\t\t\t<li><a href=\"#stabilizacijos\">Stabilizacijos<\/a><\/li>\r\n                    \t\t\t\t\t<li><a href=\"#balastai\">Balastai<\/a><\/li>\r\n                    \t\t\t\t\t<li><a href=\"#nelaidus-vandeniui-betonai\">Nelaid\u016bs vandeniui betonai<\/a><\/li>\r\n                    \t\t\t\t\t<li><a href=\"#architekturinis-betonas\">Architekt\u016brinis betonas<\/a><\/li>\r\n                                    <\/ul>\r\n                                <div id=\"betoniniai-blokeliais-m6-38x24x12\" class=\"col s9 offer-tabs-content\" style=\"display: none;\">\r\n                    <div class=\"tabs-text-wrapper\">\r\n<p>Betoniniai blokeliai skirti naudoti m\u016brin\u0117se, tinkuotose, apsaugotose nuo atmosferos veiksni\u0173 poveikio konstrukcijose. Blokeliai naudojami m\u016briniuose konstrukcijose atlaikan\u010diose ir neatlaikan\u010diose apkrovas bendroje statyboje.<\/p>\r\n<p>Blokelio svoris : apie. 24 kg\/1 vnt<br \/>Kiekis ant pad\u0117klo : 54 vnt<br \/>Pad\u0117klo svoris : apie 1320 kg<br \/>Sunaudojimas 1 m<sup>2<\/sup>: 22 vnt<\/p>\r\n<\/div>                <\/div>\r\n                                <div id=\"paprastas-betonas\" class=\"col s9 offer-tabs-content\" style=\"display: none;\">\r\n                    <div class=\"tabs-text-wrapper\">\r\n<p>Baziniai betonai gaminami C8\/10 ir C12\/15 stiprio gniu\u017edymui klas\u0117se. Paprasti konstrukciniai betonai gaminami nuo C16\/20 iki C45\/55 stiprio gniu\u017edymui klas\u0117se. Paprasti konstrukciniai betonai tai pirmiausia:<\/p>\r\n<ul>\r\n<li>platus panaudojimo diapazonas<\/li>\r\n<li>auk\u0161ta gaminio kokyb\u0117<\/li>\r\n<li>konsistencija, u\u017etikrinanti lengv\u0105 klojim\u0105 naudojant tradicinius tankinimo metodus<\/li>\r\n<li>platus stiprio gniu\u017edymui ir i\u0161laikymui klasi\u0173 pasirinkimas<\/li>\r\n<\/ul>\r\n<p>Paprastas betonas pirmiausia yra naudojamas visuose konstrukcij\u0173 elementuose:<\/p>\r\n<ul>\r\n<li>pamatai<\/li>\r\n<li>sienos, kolonos<\/li>\r\n<li>lubos, laiptai<\/li>\r\n<\/ul>\r\n<\/div>                <\/div>\r\n                                <div id=\"grindu-betonai\" class=\"col s9 offer-tabs-content\" style=\"display: none;\">\r\n                    <div class=\"tabs-text-wrapper\">\r\n<p>BGrind\u0173 betonai pasi\u017eymi ma\u017eu susitraukimu standinimo metu, o taip pat atsparumu vandens i\u0161siskirimui klojimo ir betono mi\u0161inio tankinimo metu.\r\nDa\u017eniausiai gaminamos stiprio gniu\u017edymui klas\u0117s tai C20\/25 iki C30\/37. Grind\u0173 betonams pirmiausia b\u016bdingi:<\/p>\r\n<ul>\r\n<li>suma\u017eintas susitraukimas (ma\u017eesn\u0117 rizika, kad atsiras nekontroliuojami grind\u0173 \u012ftr\u016bkimai)<\/li>\r\n<li>auk\u0161ta grind\u0173 kokyb\u0117<\/li>\r\n<li>atsparumas vandens i\u0161siskirimui i\u0161 betono mi\u0161inio jo klojimo metu<\/li>\r\n<\/ul>\r\n<\/div>                <\/div>\r\n                                <div id=\"grindu-betonai-su-paskirstyta-armatura\" class=\"col s9 offer-tabs-content\" style=\"display: none;\">\r\n                    <div class=\"tabs-text-wrapper\">\r\n<p>Grind\u0173 betonai su paskirstyta armat\u016bra turi \u017eymiai geresn\u012f patvarum\u0105 sulenkimams, auk\u0161tesn\u012f atsparum\u0105 sm\u016bgiams ir mechaniniams pa\u017eeidimams bei ma\u017eesn\u012f susitraukim\u0105 nei betonai be armat\u016bros arba su tradicine pastovia armat\u016bra. Grind\u0173 betonas sustiprintas paskirstytais pluo\u0161tais skirtas pirmiausia daryti patvarias ir atsparias apkrovoms betonines grindis ir i\u0161orinius pavir\u0161ius pramon\u0117s objektuose, gamybos sal\u0117se, sand\u0117liuose, parduotuv\u0117se, gara\u017euose, parod\u0173 pavir\u0161iuose, visuomenin\u0117se pastatuose ir t.t..<\/p>\r\n<\/div>                <\/div>\r\n                                <div id=\"stabilizacijos\" class=\"col s9 offer-tabs-content\" style=\"display: none;\">\r\n                    <div class=\"tabs-text-wrapper\">\r\n<p>Stabilizacijos - 0,5 do 5,0 MPa (0,5 - 1,5 MPa, 1,5 - 2,5 MPa, 2,5 - 5 MPa). Stabilizacijos naudojamos kaip:<\/p>\r\n<ul>\r\n<li>kelio pavir\u0161i\u0173 pagrindai<\/li>\r\n<li>pagalbiniai vir\u0161utiniai ir apatiniai kelio pavir\u0161i\u0173 pagrindai<\/li>\r\n<li>pagrindai po didel\u0117s apkrovos betonini\u0173 ir asfaltini\u0173 keli\u0173 pavir\u0161iumi<\/li>\r\n<li>pagrindai po automobili\u0173 stov\u0117jimo aik\u0161teli\u0173 ir manevravimo aik\u0161\u010di\u0173 pavir\u0161iumi<\/li>\r\n<\/ul>\r\n<\/div>                <\/div>\r\n                                <div id=\"balastai\" class=\"col s9 offer-tabs-content\" style=\"display: none;\">\r\n                    <div class=\"tabs-text-wrapper\">\r\n<p>Sm\u0117lio ir cemento balastai puikiai tinka pagrindo po ma\u017eos architekt\u016bros objektais (gatvi\u0173 ir sod\u0173) i\u0161lyginimui:<\/p>\r\n<ul>\r\n<li>grindinio blokeliai<\/li>\r\n<li>grindinio arba \u0161aligatvio plytel\u0117s<\/li>\r\n<li>drena\u017eo kanalai<\/li>\r\n<li>gatvi\u0173 ir sod\u0173 dekoraciniai elementai<\/li>\r\n<\/ul>\r\n<\/div>                <\/div>\r\n                                <div id=\"nelaidus-vandeniui-betonai\" class=\"col s9 offer-tabs-content\" style=\"display: none;\">\r\n                    <div class=\"tabs-text-wrapper\">\r\n<p>Nelaid\u016bs vandeniui betonai gaminami u\u017etikrinti reikiam\u0105 sandarum\u0105, vir\u0161ijant\u012f paprast\u0173 beton\u0173 technologijos sandarum\u0105. Nelaid\u016bs vandeniui betonai da\u017eniausia yra naudojami vandens konstrukcijose arba elementuose, esan\u010diuose \u017eemiau gruntini\u0173 vanden\u0173, vandens rezervuaruose bei pastatuose, kuriems ypatingai gresia vandens poveikis.\r\nYra i\u0161skiriami keli betono nelaidumo vandeniui laipsniai: W2, W4, W6, W8, W10. Skai\u010dius parodo vandens stulpo sl\u0117gio dyd\u012f MPa, kuris veikia 15 cm storio betono m\u0117gin\u012f. Gaminant nelaid\u017eius vandeniui betonus labai svarbu u\u017etikrinti visi\u0161k\u0105 sandarum\u0105, atsi\u017evelgiant taip pat \u012f susitraukimo po\u017eymius. Brandinimo procese, d\u0117l greito vandens i\u0161 betono praradimo ir hidratacijos \u0161ilumos i\u0161skleidimo, ant betono pavir\u0161iaus atsiranda susitraukimo mikro po\u017eymiai. Siekiant u\u017ekirsti keli\u0105 susitraukimo po\u017eymi\u0173 i\u0161pl\u0117timui reikia grie\u017etai laikytis betono prie\u017ei\u016bros. Nelaid\u017ei\u0173 vandeniui betonu atveju rekomenduojama 14 dien\u0173 prie\u017ei\u016bra. Po to laikotarpio susitraukimas nesukels \u012fskilim\u0173, nes betono patvarumas tempimui bus pakankamas, kad i\u0161laikyt\u0173 \u012ftempim\u0105, sukelt\u0105 technologin\u0117mis deformacijomis.<\/p>\r\n<\/div>                <\/div>\r\n                                <div id=\"architekturinis-betonas\" class=\"col s9 offer-tabs-content\" style=\"display: none;\">\r\n                    <div class=\"tabs-text-wrapper\">\r\n<p>Architekt\u016brinis betonas naudojamas monolitini\u0173 element\u0173 konstravimui statybose. Atlieka dekoravimo funkcij\u0105. Gali b\u016bti lygus arba su matoma strukt\u016bra. Nereikalauja tolesni\u0173 apdailos proced\u016br\u0173. Architekt\u016brinio betono naudojimas:<\/p>\r\n<ul>\r\n<li>vidini\u0173 ir i\u0161orini\u0173 sien\u0173 vir\u0161utinis sluoksnis arba visa konstrukcija<\/li>\r\n<li>fasadai<\/li>\r\n<li>arkos<\/li>\r\n<li>laiptai<\/li>\r\n<li>pagrindai<\/li>\r\n<li>atskiri elementai<\/li>\r\n<\/ul>\r\n<\/div>                <\/div>\r\n                            <\/div>\r\n        <\/div>\r\n    <\/div>\r\n<\/section><\/div>\n","protected":false},"excerpt":{"rendered":"<p>Beton\u0105 gaminame dviejuose pilnai automatizuotuose, valdomuose kompiuterio pagalba betono mazguose. Moderni\u0173 gamykl\u0173 ir bendradarbiavimo su patikimais gamintojais ir tiek\u0117jais d\u0117ka esame \u012fsitikin\u0119, kad m\u016bs\u0173 \u012emon\u0117 teikia auk\u0161tos kokyb\u0117s gaminius. Gaminami betoniniai mi\u0161iniai yra tikrinami specialiose laboratorijose, kas patvirtina stabilius ir pastovius gaminio parametrus. Turime sunkve\u017eimi\u0173, skirt\u0173 betono transportavimui ir siurbimui park\u0105.<\/p>\n","protected":false},"author":1,"featured_media":0,"parent":0,"menu_order":0,"comment_status":"closed","ping_status":"closed","template":"templates\/template-concrete.php","meta":{"footnotes":""},"class_list":["post-2113","page","type-page","status-publish","hentry"],"_links":{"self":[{"href":"https:\/\/www.rozbud.eu\/lt\/wp-json\/wp\/v2\/pages\/2113"}],"collection":[{"href":"https:\/\/www.rozbud.eu\/lt\/wp-json\/wp\/v2\/pages"}],"about":[{"href":"https:\/\/www.rozbud.eu\/lt\/wp-json\/wp\/v2\/types\/page"}],"author":[{"embeddable":true,"href":"https:\/\/www.rozbud.eu\/lt\/wp-json\/wp\/v2\/users\/1"}],"replies":[{"embeddable":true,"href":"https:\/\/www.rozbud.eu\/lt\/wp-json\/wp\/v2\/comments?post=2113"}],"version-history":[{"count":0,"href":"https:\/\/www.rozbud.eu\/lt\/wp-json\/wp\/v2\/pages\/2113\/revisions"}],"wp:attachment":[{"href":"https:\/\/www.rozbud.eu\/lt\/wp-json\/wp\/v2\/media?parent=2113"}],"curies":[{"name":"wp","href":"https:\/\/api.w.org\/{rel}","templated":true}]}}