{"id":2074,"date":"2016-03-30T11:07:31","date_gmt":"2016-03-30T09:07:31","guid":{"rendered":"http:\/\/budowlana.g-soft.pl\/lt\/?page_id=2074"},"modified":"2016-03-30T14:05:48","modified_gmt":"2016-03-30T12:05:48","slug":"priedai","status":"publish","type":"page","link":"https:\/\/www.rozbud.eu\/lt\/stogo-dangu-gamintojas\/priedai\/","title":{"rendered":"Priedai"},"content":{"rendered":"<div class=\"row\">\n<h2 class=\"title-section\" style=\"margin: 20px 0 50px 0;\">Priedai<\/h2>\n<\/div>\n<div class=\"row\">\n<div class=\"col s3 component-box\">\n<div class=\"box-image\"><img decoding=\"async\" src=\"\/wp-content\/uploads\/2015\/12\/wlazy-dachowe.png\" alt=\"Stogo liukai\" \/><\/div>\n<div class=\"box-title\"><span>Stogo liukai<\/span><\/div>\n<\/div>\n<div class=\"col s3 component-box\">\n<div class=\"box-image\"><img decoding=\"async\" src=\"\/wp-content\/uploads\/2015\/12\/kominy-wentylacyjne.png\" alt=\"Ventiliacijos kaminai\" \/><\/div>\n<div class=\"box-title\"><span>Ventiliacijos kaminai<\/span><\/div>\n<\/div>\n<div class=\"col s3 component-box\">\n<div class=\"box-image\"><img decoding=\"async\" src=\"\/wp-content\/uploads\/2015\/12\/tasmy-dekarskie-i-kalenicowe.png\" alt=\"Juostas stog\u0173 ir keteros\" \/><\/div>\n<div class=\"box-title\"><span>Juostas stog\u0173 ir keteros<\/span><\/div>\n<\/div>\n<div class=\"col s3 component-box\">\n<div class=\"box-image\"><img decoding=\"async\" src=\"\/wp-content\/uploads\/2015\/12\/uszczelniacze-dachowe.png\" alt=\"Hermetinimas stogo\" \/><\/div>\n<div class=\"box-title\"><span>Hermetinimas stogo<\/span><\/div>\n<\/div>\n<div class=\"col s3 component-box\">\n<div class=\"box-image\"><img decoding=\"async\" src=\"\/wp-content\/uploads\/2015\/12\/membrany-folie-dachowe.png\" alt=\"Membranas, stog\u0173 pl\u0117vel\u0117s\" \/><\/div>\n<div class=\"box-title\"><span>Membranas, stog\u0173 pl\u0117vel\u0117s<\/span><\/div>\n<\/div>\n<div class=\"col s3 component-box\">\n<div class=\"box-image\"><img decoding=\"async\" src=\"\/wp-content\/uploads\/2015\/12\/komunikacja-dachowa.png\" alt=\"Komunikacija stogo\" \/><\/div>\n<div class=\"box-title\"><span>Komunikacija stogo<\/span><\/div>\n<\/div>\n<div class=\"col s3 component-box\">\n<div class=\"box-image\"><img decoding=\"async\" src=\"\/wp-content\/uploads\/2015\/12\/uszczelki-profilowane.png\" alt=\"Profiliuoti sandarikliai\" \/><\/div>\n<div class=\"box-title\"><span>Profiliuoti sandarikliai<\/span><\/div>\n<\/div>\n<div class=\"col s3 component-box\">\n<div class=\"box-image\"><img decoding=\"async\" src=\"\/wp-content\/uploads\/2015\/12\/podsufitka.png\" alt=\"Var\u017etai\" \/><\/div>\n<div class=\"box-title\"><span>Var\u017etai<\/span><\/div>\n<\/div>\n<div class=\"col s3 component-box\">\n<div class=\"box-image\"><img decoding=\"async\" src=\"\/wp-content\/uploads\/2015\/12\/dach.png\" alt=\"Soffits\" \/><\/div>\n<div class=\"box-title\"><span>Soffits<\/span><\/div>\n<\/div>\n<\/div>\n","protected":false},"excerpt":{"rendered":"<p>Priedai Stogo liukai Ventiliacijos kaminai Juostas stog\u0173 ir keteros Hermetinimas stogo Membranas, stog\u0173 pl\u0117vel\u0117s Komunikacija stogo Profiliuoti sandarikliai Var\u017etai Soffits<\/p>\n","protected":false},"author":1,"featured_media":0,"parent":1846,"menu_order":6,"comment_status":"closed","ping_status":"closed","template":"templates\/template-roof.php","meta":{"footnotes":""},"class_list":["post-2074","page","type-page","status-publish","hentry"],"_links":{"self":[{"href":"https:\/\/www.rozbud.eu\/lt\/wp-json\/wp\/v2\/pages\/2074"}],"collection":[{"href":"https:\/\/www.rozbud.eu\/lt\/wp-json\/wp\/v2\/pages"}],"about":[{"href":"https:\/\/www.rozbud.eu\/lt\/wp-json\/wp\/v2\/types\/page"}],"author":[{"embeddable":true,"href":"https:\/\/www.rozbud.eu\/lt\/wp-json\/wp\/v2\/users\/1"}],"replies":[{"embeddable":true,"href":"https:\/\/www.rozbud.eu\/lt\/wp-json\/wp\/v2\/comments?post=2074"}],"version-history":[{"count":0,"href":"https:\/\/www.rozbud.eu\/lt\/wp-json\/wp\/v2\/pages\/2074\/revisions"}],"up":[{"embeddable":true,"href":"https:\/\/www.rozbud.eu\/lt\/wp-json\/wp\/v2\/pages\/1846"}],"wp:attachment":[{"href":"https:\/\/www.rozbud.eu\/lt\/wp-json\/wp\/v2\/media?parent=2074"}],"curies":[{"name":"wp","href":"https:\/\/api.w.org\/{rel}","templated":true}]}}