{"id":2072,"date":"2016-03-30T11:07:14","date_gmt":"2016-03-30T09:07:14","guid":{"rendered":"http:\/\/budowlana.g-soft.pl\/lt\/?page_id=2072"},"modified":"2018-10-17T12:51:43","modified_gmt":"2018-10-17T10:51:43","slug":"stogo-dangos-apdaila","status":"publish","type":"page","link":"https:\/\/www.rozbud.eu\/lt\/stogo-dangu-gamintojas\/stogo-dangos-apdaila\/","title":{"rendered":"Stogo dangos apdaila"},"content":{"rendered":"<div class=\"row\">\n<h2 class=\"title-section\" style=\"margin: 20px 0 50px 0;\">Stogo dangos apdaila<\/h2>\n<p style=\"margin: 30px 0; text-align: jusfify; line-height: 24px;\">\nStogo dangos apdaila tai labai svarbus stogo kaip ir fasado u\u017ebaigimo elementas. Naudojama ant stogo kra\u0161t\u0173 ir dali\u0173 u\u017elenkim\u0173. U\u017etikrina pastatui tinkam\u0105 sandarum\u0105 ir estetik\u0105. Apsaugo nuo p\u016btimo i\u0161 apa\u010dios ir vandens pritek\u0117jimo. Daroma tos pa\u010dios spalvos kaip ir danga.\n<\/p>\n<div id=\"gs-new-park\">\n<h3>Modernus ma\u0161in\u0173 parkas stogo dangos apdaila<\/h3>\n<p>Servomotorin\u0117 ma\u0161ina su CNC valdymu u\u017etikrina auk\u0161\u010diausios kokyb\u0117s apdirbimo apdorojim\u0105.<\/p>\n<ul>\n<li>nuo 2 iki 6 mb<\/li>\n<li>Ilgis<\/li>\n<\/ul>\n<ul>\n<li>nuo 0,5 iki 2mm<\/li>\n<li>Storis<\/li>\n<\/ul>\n<ul>\n<li>bet kok\u012f<\/li>\n<li>Forma<\/li>\n<\/ul>\n<p>Montavimo tikslumas: <strong>apdirbimo profiliai, k\u016bgio formos storis, idealiai tinka montavimo metu.<\/strong><\/p>\n<\/div>\n<p style=\"margin: 30px 0; text-align: justify; line-height: 24px;\">\n\u017demiau yra pateikti apdailos bendro ilgio iki 6 mb pavyzd\u017eiai.<br \/>Taip pat si\u016blome lenktas apdailas pagal u\u017esakym\u0105 pagal individual\u0173 projekt\u0105.\n<\/p>\n<\/div>\n<div class=\"row\">\n<div class=\"col s3 component-box\">\n<div class=\"box-image\"><img decoding=\"async\" src=\"\/wp-content\/uploads\/2016\/02\/a-gasior-duzy.png\" alt=\"G\u0105sior du\u017cy\" \/><\/div>\n<div><strong>A<\/strong><span>G\u0105sior du\u017cy<\/span><\/div>\n<\/div>\n<div class=\"col s3 component-box\">\n<div class=\"box-image\"><img decoding=\"async\" src=\"\/wp-content\/uploads\/2016\/02\/b-gasior-maly.png\" alt=\"G\u0105sior ma\u0142y\" \/><\/div>\n<div><strong>B<\/strong><span>G\u0105sior ma\u0142y<\/span><\/div>\n<\/div>\n<div class=\"col s3 component-box\">\n<div class=\"box-image\"><img decoding=\"async\" src=\"\/wp-content\/uploads\/2016\/02\/c-kalenica-prosta.png\" alt=\"Kalenica prosta\" \/><\/div>\n<div><strong>C<\/strong><span>Kalenica prosta<\/span><\/div>\n<\/div>\n<div class=\"col s3 component-box\">\n<div class=\"box-image\"><img decoding=\"async\" src=\"\/wp-content\/uploads\/2016\/02\/d-kalenica-stozkowa.png\" alt=\"Kalenica sto\u017ckowa\" \/><\/div>\n<div><strong>D<\/strong><span>Kalenica sto\u017ckowa<\/span><\/div>\n<\/div>\n<div class=\"col s3 component-box\">\n<div class=\"box-image\"><img decoding=\"async\" src=\"\/wp-content\/uploads\/2016\/02\/e-wiatrownica-gorna-na-blache.png\" alt=\"Wiatrownica g\u00f3rna na blach\u0119\" \/><\/div>\n<div><strong>E<\/strong><span>Wiatrownica g\u00f3rna na blach\u0119<\/span><\/div>\n<\/div>\n<div class=\"col s3 component-box\">\n<div class=\"box-image\"><img decoding=\"async\" src=\"\/wp-content\/uploads\/2016\/02\/f-wiatrownica-gorna-pod-blache.png\" alt=\"Wiatrownica g\u00f3rna pod blach\u0119\" \/><\/div>\n<div><strong>F<\/strong><span>Wiatrownica g\u00f3rna pod blach\u0119<\/span><\/div>\n<\/div>\n<div class=\"col s3 component-box\">\n<div class=\"box-image\"><img decoding=\"async\" src=\"\/wp-content\/uploads\/2016\/02\/g-wiatrownica-jednoczesciowa.png\" alt=\"Wiatrownica jednocz\u0119\u015bciowa\" \/><\/div>\n<div><strong>G<\/strong><span>Wiatrownica jednocz\u0119\u015bciowa<\/span><\/div>\n<\/div>\n<div class=\"col s3 component-box\">\n<div class=\"box-image\"><img decoding=\"async\" src=\"\/wp-content\/uploads\/2016\/02\/h-pas-nadrynnowy.png\" alt=\"Pas nadrynnowy\" \/><\/div>\n<div><strong>H<\/strong><span>Pas nadrynnowy<\/span><\/div>\n<\/div>\n<div class=\"col s3 component-box\">\n<div class=\"box-image\"><img decoding=\"async\" src=\"\/wp-content\/uploads\/2016\/02\/i-pas-podrynnowy.png\" alt=\"Pas podrynnowy\" \/><\/div>\n<div><strong>I<\/strong><span>Pas podrynnowy<\/span><\/div>\n<\/div>\n<div class=\"col s3 component-box\">\n<div class=\"box-image\"><img decoding=\"async\" src=\"\/wp-content\/uploads\/2016\/02\/j-pas-podrynnowy.png\" alt=\"Pas podrynnowy\" \/><\/div>\n<div><strong>J<\/strong><span>Pas podrynnowy<\/span><\/div>\n<\/div>\n<div class=\"col s3 component-box\">\n<div class=\"box-image\"><img decoding=\"async\" src=\"\/wp-content\/uploads\/2016\/02\/k-obrobka-przyscienna-a.png\" alt=\"Obr\u00f3bka przy\u015bcienna A\" \/><\/div>\n<div><strong>K<\/strong><span>Obr\u00f3bka przy\u015bcienna A<\/span><\/div>\n<\/div>\n<div class=\"col s3 component-box\">\n<div class=\"box-image\"><img decoding=\"async\" src=\"\/wp-content\/uploads\/2016\/02\/l-obrobka-przyscienna-b.png\" alt=\"Obr\u00f3bka przy\u015bcienna B\" \/><\/div>\n<div><strong>L<\/strong><span>Obr\u00f3bka przy\u015bcienna B<\/span><\/div>\n<\/div>\n<div class=\"col s3 component-box\">\n<div class=\"box-image\"><img decoding=\"async\" src=\"\/wp-content\/uploads\/2016\/02\/m-obrobka-przyscienna-c.png\" alt=\"Obr\u00f3bka przy\u015bcienna C\" \/><\/div>\n<div><strong>M<\/strong><span>Obr\u00f3bka przy\u015bcienna C<\/span><\/div>\n<\/div>\n<div class=\"col s3 component-box\">\n<div class=\"box-image\"><img decoding=\"async\" src=\"\/wp-content\/uploads\/2016\/02\/n-bariera-przeciwsniegowa.png\" alt=\"Bariera przeciw\u015bniegowa\" \/><\/div>\n<div><strong>N<\/strong><span>Bariera przeciw\u015bniegowa<\/span><\/div>\n<\/div>\n<div class=\"col s3 component-box\">\n<div class=\"box-image\"><img decoding=\"async\" src=\"\/wp-content\/uploads\/2016\/02\/o-sniegolap.png\" alt=\"\u015aniego\u0142ap\" \/><\/div>\n<div><strong>O<\/strong><span>\u015aniego\u0142ap<\/span><\/div>\n<\/div>\n<div class=\"col s3 component-box\">\n<div class=\"box-image\"><img decoding=\"async\" src=\"\/wp-content\/uploads\/2016\/02\/p-rynna-koszowa.png\" alt=\"Rynna koszowa\" \/><\/div>\n<div><strong>P<\/strong><span>Rynna koszowa<\/span><\/div>\n<\/div>\n<div class=\"col s3 component-box\">\n<div class=\"box-image\"><img decoding=\"async\" src=\"\/wp-content\/uploads\/2016\/02\/r-rynna-koszowa-gleboka.png\" alt=\"Rynna koszowa g\u0142\u0119boka\" \/><\/div>\n<div><strong>R<\/strong><span>Rynna koszowa g\u0142\u0119boka<\/span><\/div>\n<\/div>\n<\/div>\n<div class=\"row\">\n<p><img decoding=\"async\" src=\"\/wp-content\/uploads\/2016\/02\/dom.jpg\" alt=\"Dom\" style=\"border: 3px solid #f3f3f3; cursor: pointer; max-width: 100%; margin: 40px auto; display: block;\" \/><\/p>\n<\/div>\n","protected":false},"excerpt":{"rendered":"<p>Stogo dangos apdaila Stogo dangos apdaila tai labai svarbus stogo kaip ir fasado u\u017ebaigimo elementas. Naudojama ant stogo kra\u0161t\u0173 ir dali\u0173 u\u017elenkim\u0173. U\u017etikrina pastatui tinkam\u0105 sandarum\u0105 ir estetik\u0105. Apsaugo nuo p\u016btimo i\u0161 apa\u010dios ir vandens pritek\u0117jimo. Daroma tos pa\u010dios spalvos kaip ir danga. Modernus ma\u0161in\u0173 parkas stogo dangos apdaila Servomotorin\u0117 ma\u0161ina su CNC valdymu u\u017etikrina [&hellip;]<\/p>\n","protected":false},"author":1,"featured_media":0,"parent":1846,"menu_order":5,"comment_status":"closed","ping_status":"closed","template":"templates\/template-roof.php","meta":{"footnotes":""},"class_list":["post-2072","page","type-page","status-publish","hentry"],"_links":{"self":[{"href":"https:\/\/www.rozbud.eu\/lt\/wp-json\/wp\/v2\/pages\/2072"}],"collection":[{"href":"https:\/\/www.rozbud.eu\/lt\/wp-json\/wp\/v2\/pages"}],"about":[{"href":"https:\/\/www.rozbud.eu\/lt\/wp-json\/wp\/v2\/types\/page"}],"author":[{"embeddable":true,"href":"https:\/\/www.rozbud.eu\/lt\/wp-json\/wp\/v2\/users\/1"}],"replies":[{"embeddable":true,"href":"https:\/\/www.rozbud.eu\/lt\/wp-json\/wp\/v2\/comments?post=2072"}],"version-history":[{"count":0,"href":"https:\/\/www.rozbud.eu\/lt\/wp-json\/wp\/v2\/pages\/2072\/revisions"}],"up":[{"embeddable":true,"href":"https:\/\/www.rozbud.eu\/lt\/wp-json\/wp\/v2\/pages\/1846"}],"wp:attachment":[{"href":"https:\/\/www.rozbud.eu\/lt\/wp-json\/wp\/v2\/media?parent=2072"}],"curies":[{"name":"wp","href":"https:\/\/api.w.org\/{rel}","templated":true}]}}