{"id":1993,"date":"2016-03-29T15:03:12","date_gmt":"2016-03-29T13:03:12","guid":{"rendered":"http:\/\/budowlana.g-soft.pl\/lt\/?page_id=1993"},"modified":"2025-12-17T08:31:31","modified_gmt":"2025-12-17T07:31:31","slug":"kontaktas","status":"publish","type":"page","link":"https:\/\/www.rozbud.eu\/lt\/kontaktas\/","title":{"rendered":"Kontaktas"},"content":{"rendered":"<div class=\"col s6\">\n<div class=\"contact-section\" style=\"margin-bottom:0!important;\">\n<h4>ROZBUD Sp. z o.o.<\/h4>\n<p>NIP: 8461612811 REGON: 200132126<\/p>\n<\/div>\n<div class=\"contact-section\">\n<h4>Stogo dangos \/ lietvamzd\u017eiai \/ skardos apvadai<\/h4>\n<p><i class=\"fa fa-home\"><\/i> ul. Transportowa 1, 16-300 August\u00f3w<\/p>\n<p><i class=\"fa fa-phone-square\"><\/i> tel.: +48 663 910 158 &#8211; bendras<br \/>\n<i class=\"fa fa-envelope-square\"><\/i> e-mail: <a title=\"Si\u0173sti el. lai\u0161k\u0105\" href=\"mailto:rozbud@rozbud.eu\">rozbud@rozbud.eu<\/a><\/p>\n<p><i class=\"fa fa-phone-square\"><\/i> tel.: +48 885 880 217 &#8211; Ewelina<br \/>\n<i class=\"fa fa-envelope-square\"><\/i> e-mail: <a title=\"Si\u0173sti el. lai\u0161k\u0105\" href=\"mailto:rozbud@rozbud.eu\">rozbud@rozbud.eu<\/a><\/p>\n<p><i class=\"fa fa-phone-square\"><\/i> tel.: +48 885 880 219 &#8211; Beata<br \/>\n<i class=\"fa fa-envelope-square\"><\/i> e-mail: <a title=\"Si\u0173sti el. lai\u0161k\u0105\" href=\"mailto:beata@rozbud.eu\">beata@rozbud.eu<\/a><\/p>\n<p><i class=\"fa fa-phone-square\"><\/i> tel.: +48 887 753 298 &#8211; Paulina<br \/>\n<i class=\"fa fa-envelope-square\"><\/i> e-mail: <a title=\"Si\u0173sti el. lai\u0161k\u0105\" href=\"mailto:paulina.l@rozbud.eu\">paulina.l@rozbud.eu<\/a><\/p>\n<p><i class=\"fa fa-phone-square\"><\/i> tel.: +48 667 900 098 &#8211; Marcin<br \/>\n<i class=\"fa fa-envelope-square\"><\/i> e-mail: <a title=\"Si\u0173sti el. lai\u0161k\u0105\" href=\"mailto:marcin.k@rozbud.eu\">marcin.k@rozbud.eu<\/a><\/p>\n<h4>PIR daugiasluoksn\u0117s plok\u0161t\u0117s<\/h4>\n<p><i class=\"fa fa-home\"><\/i> ul. Transportowa 1, 16-300 August\u00f3w<\/p>\n<p><i class=\"fa fa-envelope-square\"><\/i> e-mail: <a title=\"Si\u0173sti el. lai\u0161k\u0105\" href=\"mailto:rozbud@rozbud.eu\">rozbud@rozbud.eu<\/a><\/p>\n<p><i class=\"fa fa-phone-square\"><\/i> tel.: +48 885 880 218 &#8211; Artur<br \/>\n<i class=\"fa fa-envelope-square\"><\/i> e-mail: <a title=\"Si\u0173sti el. lai\u0161k\u0105\" href=\"mailto:artur.s@rozbud.eu\">artur.s@rozbud.eu<\/a><\/p>\n<h4>Statybos centras<\/h4>\n<p><i class=\"fa fa-home\"><\/i> ul. Rajgrodzka 88, 16-300 August\u00f3w<\/p>\n<p><i class=\"fa fa-phone-square\"><\/i> tel.: +48 (87) 643 74 06<br \/>\n<i class=\"fa fa-fax\"><\/i> fax: +48 (87) 643 59 66<\/p>\n<p><i class=\"fa fa-envelope-square\"><\/i> e-mail: <a title=\"Si\u0173sti el. lai\u0161k\u0105\" href=\"mailto:rozbud@rozbud.eu\">rozbud@rozbud.eu<\/a><\/p>\n<h4>Paruo\u0161tas betono mi\u0161inys<\/h4>\n<p><i class=\"fa fa-home\"><\/i> ul. Transportowa 1, 16-300 August\u00f3w<\/p>\n<p><i class=\"fa fa-phone-square\"><\/i> tel.: +48 606 418 862 \u2013 Adam<br \/>\n<i class=\"fa fa-envelope-square\"><\/i> e-mail: <a title=\"Si\u0173sti el. lai\u0161k\u0105\" href=\"mailto:adam@rozbud.eu\">adam@rozbud.eu<\/a><\/p>\n<p><i class=\"fa fa-phone-square\"><\/i> tel.: +48 887 070 845 &#8211; Kamil<br \/>\n<i class=\"fa fa-envelope-square\"><\/i> e-mail: <a title=\"Si\u0173sti el. lai\u0161k\u0105\" href=\"mailto:beton@rozbud.eu\">beton@rozbud.eu<\/a><\/p>\n<\/div>\n<\/div>\n","protected":false},"excerpt":{"rendered":"<p>ROZBUD Sp. z o.o. NIP: 8461612811 REGON: 200132126 Stogo dangos \/ lietvamzd\u017eiai \/ skardos apvadai ul. Transportowa 1, 16-300 August\u00f3w tel.: +48 663 910 158 &#8211; bendras e-mail: rozbud@rozbud.eu tel.: +48 885 880 217 &#8211; Ewelina e-mail: rozbud@rozbud.eu tel.: +48 885 880 219 &#8211; Beata e-mail: beata@rozbud.eu tel.: +48 887 753 298 &#8211; Paulina e-mail: [&hellip;]<\/p>\n","protected":false},"author":1,"featured_media":0,"parent":0,"menu_order":4,"comment_status":"closed","ping_status":"closed","template":"templates\/template-contact.php","meta":{"footnotes":""},"class_list":["post-1993","page","type-page","status-publish","hentry"],"_links":{"self":[{"href":"https:\/\/www.rozbud.eu\/lt\/wp-json\/wp\/v2\/pages\/1993"}],"collection":[{"href":"https:\/\/www.rozbud.eu\/lt\/wp-json\/wp\/v2\/pages"}],"about":[{"href":"https:\/\/www.rozbud.eu\/lt\/wp-json\/wp\/v2\/types\/page"}],"author":[{"embeddable":true,"href":"https:\/\/www.rozbud.eu\/lt\/wp-json\/wp\/v2\/users\/1"}],"replies":[{"embeddable":true,"href":"https:\/\/www.rozbud.eu\/lt\/wp-json\/wp\/v2\/comments?post=1993"}],"version-history":[{"count":3,"href":"https:\/\/www.rozbud.eu\/lt\/wp-json\/wp\/v2\/pages\/1993\/revisions"}],"predecessor-version":[{"id":5110,"href":"https:\/\/www.rozbud.eu\/lt\/wp-json\/wp\/v2\/pages\/1993\/revisions\/5110"}],"wp:attachment":[{"href":"https:\/\/www.rozbud.eu\/lt\/wp-json\/wp\/v2\/media?parent=1993"}],"curies":[{"name":"wp","href":"https:\/\/api.w.org\/{rel}","templated":true}]}}