{"id":1851,"date":"2016-03-29T12:12:02","date_gmt":"2016-03-29T10:12:02","guid":{"rendered":"http:\/\/budowlana.g-soft.pl\/lt\/?page_id=1851"},"modified":"2016-10-20T08:51:36","modified_gmt":"2016-10-20T06:51:36","slug":"skardine-cerpe","status":"publish","type":"page","link":"https:\/\/www.rozbud.eu\/lt\/stogo-dangu-gamintojas\/skardine-cerpe\/","title":{"rendered":"Skardin\u0117 \u010derp\u0117"},"content":{"rendered":"<div class=\"row\">\n<p style=\"margin: 30px 0; text-align: justify; line-height: 24px;\">\nStogo \u010derpi\u0173 skardos priklauso prie da\u017eniausiai naudojam\u0173 stogo dang\u0173. Savo forma primena keramines \u010derpes, jungia savyje tradicij\u0105 ir modernias technologijas. Pilnai automatizuotas gamybos procesas leid\u017eia kirpti skard\u0105 pageidaujamo ilgio. Platus spalv\u0173 pasi\u016blymas bei nedidelis gaminio svoris (apie 4,5 kg\/1m) leid\u017eia naudoti skardines \u010derpes kaip patvari\u0105 dang\u0105 \u0161iuolaikiniuose statiniuose bei renovacijose.\n<\/p>\n<\/div>\n<div class=\"row\">\n<div class=\"col s3 offer-box b3\"><a href=\"\/lt\/stogo-dangu-gamintojas\/skardine-cerpe\/skardine-cerpe-banga\" title=\"\"><\/p>\n<div class=\"box-image\"><img decoding=\"async\" src=\"\/wp-content\/themes\/magazyn\/images\/blachodachowka-banga.jpg\" alt=\"\" \/><\/div>\n<div class=\"box-title\">Skardin\u0117 \u010derp\u0117 BANGA<\/div>\n<p><\/a><\/div>\n<div class=\"col s3 offer-box b3\"><a href=\"\/lt\/stogo-dangu-gamintojas\/skardine-cerpe\/skardine-cerpe-nova\" title=\"\"><\/p>\n<div class=\"box-image\"><img decoding=\"async\" src=\"\/wp-content\/themes\/magazyn\/images\/blachodachowka-nova.jpg\" alt=\"\" \/><\/div>\n<div class=\"box-title\">Skardin\u0117 \u010derp\u0117 NOVA<\/div>\n<p><\/a><\/div>\n<div class=\"col s3 offer-box b3\"><a href=\"\/lt\/stogo-dangu-gamintojas\/skardine-cerpe\/skardine-cerpe-moduline\/\" title=\"\"><\/p>\n<div class=\"box-image\"><img decoding=\"async\" src=\"\/wp-content\/uploads\/2016\/10\/skardine-cerpe-moduline.jpg\" alt=\"\" \/><\/div>\n<div class=\"box-title\">Skardin\u0117 \u010derp\u0117 moduline<\/div>\n<p><\/a><\/div>\n<\/div>\n<div class=\"row\">\n<p><!--\n\n<h4 class=\"title-sub-section\">Med\u017eiagos atsisiuntimui<\/h4>\n\n--><\/p>\n<p><!--\n\n<div class=\"col s2 document-box\"><a href=\"\"><img decoding=\"async\" src=\"\/wp-content\/uploads\/2015\/12\/katalog.png\" alt=\"\" \/><span>Katalog<\/span><\/a><\/div>\n\n--><br \/>\n<!--\n\n<div class=\"col s2 document-box\"><a href=\"\"><img decoding=\"async\" src=\"\/wp-content\/uploads\/2015\/12\/cennik.png\" alt=\"\" \/><span>Kainora\u0161tis<\/span><\/a><\/div>\n\n--><br \/>\n<!--\n\n<div class=\"col s2 document-box\"><a href=\"\"><img decoding=\"async\" src=\"\/wp-content\/uploads\/2015\/12\/certyfikat.png\" alt=\"\" \/><span>Atitikties deklaracija<\/span><\/a><\/div>\n\n--><br \/>\n<!--\n\n<div class=\"col s2 document-box\"><a href=\"\"><img decoding=\"async\" src=\"\/wp-content\/uploads\/2015\/12\/instrukcja-magazynowania.png\" alt=\"\" \/><span>Instrukcijos saugojimas<\/span><\/a><\/div>\n\n--><\/p>\n<\/div>\n","protected":false},"excerpt":{"rendered":"<p>Stogo \u010derpi\u0173 skardos priklauso prie da\u017eniausiai naudojam\u0173 stogo dang\u0173. Savo forma primena keramines \u010derpes, jungia savyje tradicij\u0105 ir modernias technologijas. Pilnai automatizuotas gamybos procesas leid\u017eia kirpti skard\u0105 pageidaujamo ilgio. Platus spalv\u0173 pasi\u016blymas bei nedidelis gaminio svoris (apie 4,5 kg\/1m) leid\u017eia naudoti skardines \u010derpes kaip patvari\u0105 dang\u0105 \u0161iuolaikiniuose statiniuose bei renovacijose. Skardin\u0117 \u010derp\u0117 BANGA Skardin\u0117 \u010derp\u0117 [&hellip;]<\/p>\n","protected":false},"author":1,"featured_media":0,"parent":1846,"menu_order":2,"comment_status":"closed","ping_status":"closed","template":"templates\/template-roof.php","meta":{"footnotes":""},"class_list":["post-1851","page","type-page","status-publish","hentry"],"_links":{"self":[{"href":"https:\/\/www.rozbud.eu\/lt\/wp-json\/wp\/v2\/pages\/1851"}],"collection":[{"href":"https:\/\/www.rozbud.eu\/lt\/wp-json\/wp\/v2\/pages"}],"about":[{"href":"https:\/\/www.rozbud.eu\/lt\/wp-json\/wp\/v2\/types\/page"}],"author":[{"embeddable":true,"href":"https:\/\/www.rozbud.eu\/lt\/wp-json\/wp\/v2\/users\/1"}],"replies":[{"embeddable":true,"href":"https:\/\/www.rozbud.eu\/lt\/wp-json\/wp\/v2\/comments?post=1851"}],"version-history":[{"count":0,"href":"https:\/\/www.rozbud.eu\/lt\/wp-json\/wp\/v2\/pages\/1851\/revisions"}],"up":[{"embeddable":true,"href":"https:\/\/www.rozbud.eu\/lt\/wp-json\/wp\/v2\/pages\/1846"}],"wp:attachment":[{"href":"https:\/\/www.rozbud.eu\/lt\/wp-json\/wp\/v2\/media?parent=1851"}],"curies":[{"name":"wp","href":"https:\/\/api.w.org\/{rel}","templated":true}]}}