{"id":1846,"date":"2016-03-29T11:51:44","date_gmt":"2016-03-29T09:51:44","guid":{"rendered":"http:\/\/budowlana.g-soft.pl\/lt\/?page_id=1846"},"modified":"2016-03-30T16:36:04","modified_gmt":"2016-03-30T14:36:04","slug":"stogo-dangu-gamintojas","status":"publish","type":"page","link":"https:\/\/www.rozbud.eu\/lt\/stogo-dangu-gamintojas\/","title":{"rendered":"<i class=\"fa fa-angle-right\"><\/i>Stogo dang\u0173 gamintojas"},"content":{"rendered":"<div class=\"row\">\n<p style=\"margin: 30px 0 0 0; text-align: justify; line-height: 24px;\">\nStogas tai svarbus kiekvieno statinio konstrukcijos elementas. I\u0161 vienos pus\u0117s saugo nuo atmosferos veiksni\u0173, o kita vertus tai vienas pagrindini\u0173 estetini\u0173 pastato element\u0173.\n<\/p>\n<p style=\"margin: 30px 0; text-align: justify; line-height: 24px;\">\nModerni statyba naudoja pirmiausia visas lengvas, ekonomi\u0161kas med\u017eiagas, o tuo pa\u010diu turin\u010dias kaip galima geriausias eksploatacijos savybes. Tod\u0117l skardin\u0117s stogo dangos jau daug met\u0173 turi puik\u0173  pripa\u017einim\u0105. Gaminys yra lengvas, kas leid\u017eia pagaminti lengvesnes (t.y. pigesnes) stogo konstrukcijos santvaras. Lengvumas taip pat palengvina montavim\u0105.\n<\/p>\n<p style=\"margin: 30px 0; text-align: justify; line-height: 24px;\">\nSkardin\u0117s stogo dangos pasi\u017eymi patvarumu, tod\u0117l gamintojai m\u016bs\u0173 med\u017eiagoms suteikia iki 40 met\u0173 garantijos.\n<\/p>\n<p style=\"margin: 30px 0; text-align: center; line-height: 24px;\">\nKvie\u010diame susipa\u017einti su m\u016bs\u0173 modeliais.\n<\/p>\n<\/div>\n<div class=\"row\">\n<div class=\"col s3 offer-box\"><a href=\"\/lt\/stogo-dangu-gamintojas\/skardine-cerpe\/\" title=\"\"><\/p>\n<div class=\"box-image\"><img decoding=\"async\" src=\"\/wp-content\/themes\/magazyn\/images\/blachodachowka.jpg\" alt=\"\" \/><\/div>\n<div class=\"box-title\">Skardin\u0117 \u010derp\u0117<\/div>\n<p><\/a><\/div>\n<div class=\"col s3 offer-box\"><a href=\"\/lt\/stogo-dangu-gamintojas\/trapecine-skarda\/\" title=\"\"><\/p>\n<div class=\"box-image\"><img decoding=\"async\" src=\"\/wp-content\/themes\/magazyn\/images\/blacha-trapezowa.jpg\" alt=\"\" \/><\/div>\n<div class=\"box-title\">Trapecin\u0117 skarda<\/div>\n<p><\/a><\/div>\n<div class=\"col s3 offer-box\"><a href=\"\/lt\/stogo-dangu-gamintojas\/stogo-plokste\/\" title=\"\"><\/p>\n<div class=\"box-image\"><img decoding=\"async\" src=\"\/wp-content\/themes\/magazyn\/images\/panel-dachowy.jpg\" alt=\"\" \/><\/div>\n<div class=\"box-title\">Stogo plok\u0161t\u0117<\/div>\n<p><\/a><\/div>\n<div class=\"col s3 offer-box\"><a href=\"\/lt\/stogo-dangu-gamintojas\/stogo-dangos-apdaila\/\" title=\"\"><\/p>\n<div class=\"box-image\"><img decoding=\"async\" src=\"\/wp-content\/themes\/magazyn\/images\/obrobki-dekarskie.jpg\" alt=\"\" \/><\/div>\n<div class=\"box-title\">Stogo dangos apdaila<\/div>\n<p><\/a><\/div>\n<div class=\"col s3 offer-box\"><a href=\"\/lt\/stogo-dangu-gamintojas\/priedai\/\" title=\"\"><\/p>\n<div class=\"box-image\"><img decoding=\"async\" src=\"\/wp-content\/themes\/magazyn\/images\/akcesoria.jpg\" alt=\"\" \/><\/div>\n<div class=\"box-title\">Priedai<\/div>\n<p><\/a><\/div>\n<\/div>\n","protected":false},"excerpt":{"rendered":"<p>Stogas tai svarbus kiekvieno statinio konstrukcijos elementas. I\u0161 vienos pus\u0117s saugo nuo atmosferos veiksni\u0173, o kita vertus tai vienas pagrindini\u0173 estetini\u0173 pastato element\u0173. Moderni statyba naudoja pirmiausia visas lengvas, ekonomi\u0161kas med\u017eiagas, o tuo pa\u010diu turin\u010dias kaip galima geriausias eksploatacijos savybes. Tod\u0117l skardin\u0117s stogo dangos jau daug met\u0173 turi puik\u0173 pripa\u017einim\u0105. Gaminys yra lengvas, kas leid\u017eia [&hellip;]<\/p>\n","protected":false},"author":1,"featured_media":0,"parent":0,"menu_order":0,"comment_status":"closed","ping_status":"closed","template":"templates\/template-roof.php","meta":{"footnotes":""},"class_list":["post-1846","page","type-page","status-publish","hentry"],"_links":{"self":[{"href":"https:\/\/www.rozbud.eu\/lt\/wp-json\/wp\/v2\/pages\/1846"}],"collection":[{"href":"https:\/\/www.rozbud.eu\/lt\/wp-json\/wp\/v2\/pages"}],"about":[{"href":"https:\/\/www.rozbud.eu\/lt\/wp-json\/wp\/v2\/types\/page"}],"author":[{"embeddable":true,"href":"https:\/\/www.rozbud.eu\/lt\/wp-json\/wp\/v2\/users\/1"}],"replies":[{"embeddable":true,"href":"https:\/\/www.rozbud.eu\/lt\/wp-json\/wp\/v2\/comments?post=1846"}],"version-history":[{"count":0,"href":"https:\/\/www.rozbud.eu\/lt\/wp-json\/wp\/v2\/pages\/1846\/revisions"}],"wp:attachment":[{"href":"https:\/\/www.rozbud.eu\/lt\/wp-json\/wp\/v2\/media?parent=1846"}],"curies":[{"name":"wp","href":"https:\/\/api.w.org\/{rel}","templated":true}]}}