{"id":1833,"date":"2016-03-29T11:28:45","date_gmt":"2016-03-29T09:28:45","guid":{"rendered":"http:\/\/budowlana.g-soft.pl\/lt\/?page_id=1833"},"modified":"2025-12-22T09:04:33","modified_gmt":"2025-12-22T08:04:33","slug":"apie-imone","status":"publish","type":"page","link":"https:\/\/www.rozbud.eu\/lt\/apie-imone\/","title":{"rendered":"Apie \u012fmon\u0119"},"content":{"rendered":"<div class=\"row\">\n\t\t\t<!-- START main_slider_lt REVOLUTION SLIDER 6.7.20 --><p class=\"rs-p-wp-fix\"><\/p>\n\t\t\t<rs-module-wrap id=\"rev_slider_14_1_wrapper\" data-source=\"gallery\" style=\"visibility:hidden;background:transparent;padding:0;margin:0px auto;margin-top:0;margin-bottom:0;\">\n\t\t\t\t<rs-module id=\"rev_slider_14_1\" class=\" rs-ov-hidden\" style=\"\" data-version=\"6.7.20\">\n\t\t\t\t\t<rs-slides style=\"overflow: hidden; position: absolute;\">\n\t\t\t\t\t\t<rs-slide style=\"position: absolute;\" data-key=\"rs-99\" data-title=\"Slide\" data-thumb=\"\/\/www.rozbud.eu\/wp-content\/uploads\/2016\/02\/slider-pokrycia-dachowe-100x50.jpg\" data-anim=\"adpr:false;\">\n\t\t\t\t\t\t\t<img decoding=\"async\" src=\"\/\/www.rozbud.eu\/wp-content\/plugins\/revslider\/sr6\/assets\/assets\/dummy.png\" alt=\"\" title=\"Apie \u012fmon\u0119\" class=\"rev-slidebg tp-rs-img rs-lazyload\" data-lazyload=\"\/\/www.rozbud.eu\/wp-content\/uploads\/2016\/02\/slider-pokrycia-dachowe.jpg\" data-no-retina>\n<!--\n\t\t\t\t\t\t\t--><rs-layer\n\t\t\t\t\t\t\t\tid=\"slider-14-slide-99-layer-1\" \n\t\t\t\t\t\t\t\tdata-type=\"image\"\n\t\t\t\t\t\t\t\tdata-rsp_ch=\"on\"\n\t\t\t\t\t\t\t\tdata-xy=\"x:c;y:c;yo:-70px;\"\n\t\t\t\t\t\t\t\tdata-text=\"l:22;\"\n\t\t\t\t\t\t\t\tdata-dim=\"w:295px;h:120px;\"\n\t\t\t\t\t\t\t\tdata-frame_0=\"tp:600;\"\n\t\t\t\t\t\t\t\tdata-frame_1=\"tp:600;e:power2.inOut;st:500;\"\n\t\t\t\t\t\t\t\tdata-frame_999=\"o:0;tp:600;e:nothing;st:w;\"\n\t\t\t\t\t\t\t\tstyle=\"z-index:5;\"\n\t\t\t\t\t\t\t><img decoding=\"async\" src=\"\/\/www.rozbud.eu\/wp-content\/plugins\/revslider\/sr6\/assets\/assets\/dummy.png\" alt=\"\" class=\"tp-rs-img rs-lazyload\" data-lazyload=\"\/\/rozbud.eu\/wp-content\/uploads\/2016\/03\/stogo-dangu-gamintojas.png\" data-no-retina> \n\t\t\t\t\t\t\t<\/rs-layer><!--\n-->\t\t\t\t\t<\/rs-slide>\n\t\t\t\t\t\t<rs-slide style=\"position: absolute;\" data-key=\"rs-97\" data-title=\"Slide\" data-thumb=\"\/\/www.rozbud.eu\/wp-content\/uploads\/2016\/02\/slider-materialy-budowlane-orynnowanie-100x50.jpg\" data-anim=\"adpr:false;\">\n\t\t\t\t\t\t\t<img decoding=\"async\" src=\"\/\/www.rozbud.eu\/wp-content\/plugins\/revslider\/sr6\/assets\/assets\/dummy.png\" alt=\"\" title=\"Apie \u012fmon\u0119\" class=\"rev-slidebg tp-rs-img rs-lazyload\" data-lazyload=\"\/\/www.rozbud.eu\/wp-content\/uploads\/2016\/02\/slider-materialy-budowlane-orynnowanie.jpg\" data-no-retina>\n<!--\n\t\t\t\t\t\t\t--><rs-layer\n\t\t\t\t\t\t\t\tid=\"slider-14-slide-97-layer-6\" \n\t\t\t\t\t\t\t\tdata-type=\"image\"\n\t\t\t\t\t\t\t\tdata-rsp_ch=\"on\"\n\t\t\t\t\t\t\t\tdata-xy=\"x:480px;y:70px;\"\n\t\t\t\t\t\t\t\tdata-text=\"l:22;\"\n\t\t\t\t\t\t\t\tdata-dim=\"w:645px;h:120px;\"\n\t\t\t\t\t\t\t\tdata-frame_0=\"tp:600;\"\n\t\t\t\t\t\t\t\tdata-frame_1=\"tp:600;e:power2.inOut;st:500;\"\n\t\t\t\t\t\t\t\tdata-frame_999=\"o:0;tp:600;e:nothing;st:w;\"\n\t\t\t\t\t\t\t\tstyle=\"z-index:5;\"\n\t\t\t\t\t\t\t><img decoding=\"async\" src=\"\/\/www.rozbud.eu\/wp-content\/plugins\/revslider\/sr6\/assets\/assets\/dummy.png\" alt=\"\" class=\"tp-rs-img rs-lazyload\" data-lazyload=\"\/\/rozbud.eu\/wp-content\/uploads\/2016\/03\/plienines-lataku-sistemos-gamintojas.png\" data-no-retina> \n\t\t\t\t\t\t\t<\/rs-layer><!--\n-->\t\t\t\t\t<\/rs-slide>\n\t\t\t\t\t\t<rs-slide style=\"position: absolute;\" data-key=\"rs-98\" data-title=\"Slide\" data-thumb=\"\/\/www.rozbud.eu\/wp-content\/uploads\/2016\/03\/slider-producent-betonu-towarowego-100x50.jpg\" data-anim=\"adpr:false;\">\n\t\t\t\t\t\t\t<img decoding=\"async\" src=\"\/\/www.rozbud.eu\/wp-content\/plugins\/revslider\/sr6\/assets\/assets\/dummy.png\" alt=\"\" title=\"Apie \u012fmon\u0119\" class=\"rev-slidebg tp-rs-img rs-lazyload\" data-lazyload=\"\/\/www.rozbud.eu\/wp-content\/uploads\/2016\/03\/slider-producent-betonu-towarowego.jpg\" data-no-retina>\n<!--\n\t\t\t\t\t\t\t--><rs-layer\n\t\t\t\t\t\t\t\tid=\"slider-14-slide-98-layer-3\" \n\t\t\t\t\t\t\t\tdata-type=\"image\"\n\t\t\t\t\t\t\t\tdata-rsp_ch=\"on\"\n\t\t\t\t\t\t\t\tdata-xy=\"x:100px;y:60px;\"\n\t\t\t\t\t\t\t\tdata-text=\"l:22;\"\n\t\t\t\t\t\t\t\tdata-dim=\"w:245px;h:120px;\"\n\t\t\t\t\t\t\t\tdata-frame_0=\"tp:600;\"\n\t\t\t\t\t\t\t\tdata-frame_1=\"tp:600;e:power2.inOut;st:500;\"\n\t\t\t\t\t\t\t\tdata-frame_999=\"o:0;tp:600;e:nothing;st:w;\"\n\t\t\t\t\t\t\t\tstyle=\"z-index:5;\"\n\t\t\t\t\t\t\t><img decoding=\"async\" src=\"\/\/www.rozbud.eu\/wp-content\/plugins\/revslider\/sr6\/assets\/assets\/dummy.png\" alt=\"\" class=\"tp-rs-img rs-lazyload\" data-lazyload=\"\/\/rozbud.eu\/wp-content\/uploads\/2016\/03\/betono-gamintojas.png\" data-no-retina> \n\t\t\t\t\t\t\t<\/rs-layer><!--\n-->\t\t\t\t\t<\/rs-slide>\n\t\t\t\t\t\t<rs-slide style=\"position: absolute;\" data-key=\"rs-100\" data-title=\"Slide\" data-thumb=\"\/\/www.rozbud.eu\/wp-content\/uploads\/2016\/02\/slider-materialy-budowlane-100x50.jpg\" data-anim=\"adpr:false;\">\n\t\t\t\t\t\t\t<img decoding=\"async\" src=\"\/\/www.rozbud.eu\/wp-content\/plugins\/revslider\/sr6\/assets\/assets\/dummy.png\" alt=\"\" title=\"Apie \u012fmon\u0119\" class=\"rev-slidebg tp-rs-img rs-lazyload\" data-lazyload=\"\/\/www.rozbud.eu\/wp-content\/uploads\/2016\/02\/slider-materialy-budowlane.jpg\" data-no-retina>\n<!--\n\t\t\t\t\t\t\t--><rs-layer\n\t\t\t\t\t\t\t\tid=\"slider-14-slide-100-layer-1\" \n\t\t\t\t\t\t\t\tdata-type=\"image\"\n\t\t\t\t\t\t\t\tdata-rsp_ch=\"on\"\n\t\t\t\t\t\t\t\tdata-xy=\"x:c;y:c;yo:-90px;\"\n\t\t\t\t\t\t\t\tdata-text=\"l:22;\"\n\t\t\t\t\t\t\t\tdata-dim=\"w:275px;h:120px;\"\n\t\t\t\t\t\t\t\tdata-frame_0=\"tp:600;\"\n\t\t\t\t\t\t\t\tdata-frame_1=\"tp:600;e:power2.inOut;st:500;\"\n\t\t\t\t\t\t\t\tdata-frame_999=\"o:0;tp:600;e:nothing;st:w;\"\n\t\t\t\t\t\t\t\tstyle=\"z-index:5;\"\n\t\t\t\t\t\t\t><img decoding=\"async\" src=\"\/\/www.rozbud.eu\/wp-content\/plugins\/revslider\/sr6\/assets\/assets\/dummy.png\" alt=\"\" class=\"tp-rs-img rs-lazyload\" data-lazyload=\"\/\/rozbud.eu\/wp-content\/uploads\/2016\/03\/statybines-medziagos.png\" data-no-retina> \n\t\t\t\t\t\t\t<\/rs-layer><!--\n-->\t\t\t\t\t<\/rs-slide>\n\t\t\t\t\t<\/rs-slides>\n\t\t\t\t<\/rs-module>\n\t\t\t\t<script>\n\t\t\t\t\tsetREVStartSize({c: 'rev_slider_14_1',rl:[1240,1024,778,480],el:[],gw:[1240],gh:[400],type:'standard',justify:'',layout:'fullwidth',mh:\"0\"});if (window.RS_MODULES!==undefined && window.RS_MODULES.modules!==undefined && window.RS_MODULES.modules[\"revslider141\"]!==undefined) {window.RS_MODULES.modules[\"revslider141\"].once = false;window.revapi14 = undefined;if (window.RS_MODULES.checkMinimal!==undefined) window.RS_MODULES.checkMinimal()}\n\t\t\t\t<\/script>\n\t\t\t<\/rs-module-wrap>\n\t\t\t<!-- END REVOLUTION SLIDER -->\n<\/div>\n<div class=\"row\">\n<p style=\"margin: 30px 0; text-align: justify; line-height: 24px;\">\nRozbud \u0141api\u0144scy Sp\u00f3\u0142ka Jawna (sp. j.) (liet. Tikroji \u016bkin\u0117 bendrija [T\u016aB]) tai \u0161eimos \u012fmon\u0117 su visi\u0161kai lenki\u0161ku kapitalu. \u012emon\u0117 \u012fkurta 1989 metais. Savo versle d\u0117mes\u012f sutelkiame \u012f atsakomyb\u0119 ir pasitik\u0117jim\u0105. Daugiamet\u0117 patirtis padar\u0117, kad u\u017esitarnavome sau solidaus ir profesionalaus gamintojo ir pardav\u0117jo reputacij\u0105. Bendradarbiaujame su daugybe patikim\u0173 ir \u017einom\u0173 gamykl\u0173, didmeninink\u0173 bei gamintoj\u0173.\n<\/p>\n<p style=\"text-align: justify; line-height: 24px;\">\nM\u016bs\u0173 produkcija tai pirmiausia:\n<\/p>\n<ul style=\"list-style: circle;\">\n<li>stogo dangos<\/li>\n<li>metalin\u0117 latak\u0173 sistema Orino<\/li>\n<li>hidroizoliacija<\/li>\n<li>paruo\u0161tas betonas<\/li>\n<li>betoniniai pamat\u0173 blokeliai<\/li>\n<\/ul>\n<p style=\"margin-bottom: 30px; text-align: justify; line-height: 24px;\">\nBe gamybos taip pat si\u016blome statybini\u0173 med\u017eiag\u0173, reikaling\u0173 objekt\u0173 statybai ir remontui nuo pamat\u0173 iki stogo pardavim\u0105. Jau daugiau nei 25 metus m\u016bs\u0173 tikslas tai m\u016bs\u0173 klient\u0173 pasitenkinimas, tod\u0117l si\u016blome auk\u0161t\u0105 gamini\u0173 kokyb\u0119 u\u017e patraukli\u0105 kain\u0105.\n<\/p>\n<p style=\"margin-bottom: 30px; text-align: justify; line-height: 24px;\">\nMus i\u0161skiria kompleksi\u0161kas aptarnavimas, kuris susideda i\u0161 profesionalios konsultacijos, specializuoto transporto bei palanki\u0173 prekybos s\u0105lyg\u0173. Esame patikimas partneris su stabilia pad\u0117timi rinkoje, d\u0117ka ko galime pasi\u016blyti m\u016bs\u0173 klientams patrauklias nuolatinio bendradarbiavimo s\u0105lygas.\n<\/p>\n<p style=\"margin-bottom: 30px; text-align: justify; line-height: 24px;\">\nKvie\u010diame susipa\u017einti su m\u016bs\u0173 pasi\u016blymu.\n<\/p>\n<hr style=\"border: 0; width: 100%; height: 4px; background: #f3f3f3; margin: 35px 0 40px 0;\" \/>\n<h2 class=\"title-section fixed\">Wyr\u00f3\u017cnienia i certyfikaty<\/h3>\n<ul id=\"simple-gallery\" class=\"gallery-box\">\n<li><a href=\"\/wp-content\/uploads\/2025\/12\/DSC_3985-copy-scaled.jpg\" title=\"\" data-rel=\"lightbox-image-bGlnaHRib3gtc2ltcGxlLWdhbGxlcnk=\" data-rl_title=\"\" data-rl_caption=\"\" data-lightbox-gallery=\"lightbox-simple-gallery\"><img decoding=\"async\" src=\"\/wp-content\/uploads\/2025\/12\/DSC_3985-copy-scaled.jpg\" alt=\"\" \/><\/a><\/li>\n<ul id=\"simple-gallery\" class=\"gallery-box\">\n<li><a href=\"\/wp-content\/uploads\/2025\/12\/DSC_3922-copy-scaled.jpg\" title=\"\" data-rel=\"lightbox-image-bGlnaHRib3gtc2ltcGxlLWdhbGxlcnk=\" data-rl_title=\"\" data-rl_caption=\"\" data-lightbox-gallery=\"lightbox-simple-gallery\"><img decoding=\"async\" src=\"\/wp-content\/uploads\/2025\/12\/DSC_3922-copy-scaled.jpg\" alt=\"\" \/><\/a><\/li>\n<ul id=\"simple-gallery\" class=\"gallery-box\">\n<li><a href=\"\/wp-content\/uploads\/2025\/12\/DSC_3896-copy-scaled.jpg\" title=\"\" data-rel=\"lightbox-image-bGlnaHRib3gtc2ltcGxlLWdhbGxlcnk=\" data-rl_title=\"\" data-rl_caption=\"\" data-lightbox-gallery=\"lightbox-simple-gallery\"><img decoding=\"async\" src=\"\/wp-content\/uploads\/2025\/12\/DSC_3896-copy-scaled.jpg\" alt=\"\" \/><\/a><\/li>\n<ul id=\"simple-gallery\" class=\"gallery-box\">\n<li><a href=\"\/wp-content\/uploads\/2025\/12\/DSC_3890-copy-scaled.jpg\" title=\"\" data-rel=\"lightbox-image-bGlnaHRib3gtc2ltcGxlLWdhbGxlcnk=\" data-rl_title=\"\" data-rl_caption=\"\" data-lightbox-gallery=\"lightbox-simple-gallery\"><img decoding=\"async\" src=\"\/wp-content\/uploads\/2025\/12\/DSC_3890-copy-scaled.jpg\" alt=\"\" \/><\/a><\/li>\n<ul id=\"simple-gallery\" class=\"gallery-box\">\n<li><a href=\"\/wp-content\/uploads\/2025\/12\/DSC_3974-copy-scaled.jpg\" title=\"\" data-rel=\"lightbox-image-bGlnaHRib3gtc2ltcGxlLWdhbGxlcnk=\" data-rl_title=\"\" data-rl_caption=\"\" data-lightbox-gallery=\"lightbox-simple-gallery\"><img decoding=\"async\" src=\"\/wp-content\/uploads\/2025\/12\/DSC_3974-copy-scaled.jpg\" alt=\"\" \/><\/a><\/li>\n<ul id=\"simple-gallery\" class=\"gallery-box\">\n<li><a href=\"\/wp-content\/uploads\/2025\/12\/DSC_6602-copy-scaled.jpg\" title=\"\" data-rel=\"lightbox-image-bGlnaHRib3gtc2ltcGxlLWdhbGxlcnk=\" data-rl_title=\"\" data-rl_caption=\"\" data-lightbox-gallery=\"lightbox-simple-gallery\"><img decoding=\"async\" src=\"\/wp-content\/uploads\/2025\/12\/DSC_6602-copy-scaled.jpg\" alt=\"\" \/><\/a><\/li>\n<ul id=\"simple-gallery\" class=\"gallery-box\">\n<li><a href=\"\/wp-content\/uploads\/2025\/12\/DSC_3904-copy-2-scaled.jpg\" title=\"\" data-rel=\"lightbox-image-bGlnaHRib3gtc2ltcGxlLWdhbGxlcnk=\" data-rl_title=\"\" data-rl_caption=\"\" data-lightbox-gallery=\"lightbox-simple-gallery\"><img decoding=\"async\" src=\"\/wp-content\/uploads\/2025\/12\/DSC_3904-copy-2-scaled.jpg\" alt=\"\" \/><\/a><\/li>\n<ul id=\"simple-gallery\" class=\"gallery-box\">\n<li><a href=\"\/wp-content\/uploads\/2025\/12\/DSC_6611-copy-scaled.jpg\" title=\"\" data-rel=\"lightbox-image-bGlnaHRib3gtc2ltcGxlLWdhbGxlcnk=\" data-rl_title=\"\" data-rl_caption=\"\" data-lightbox-gallery=\"lightbox-simple-gallery\"><img decoding=\"async\" src=\"\/wp-content\/uploads\/2025\/12\/DSC_6611-copy-scaled.jpg\" alt=\"\" \/><\/a><\/li>\n<ul id=\"simple-gallery\" class=\"gallery-box\">\n<li><a href=\"\/wp-content\/uploads\/2025\/12\/DSC_6623-copy-scaled.jpg\" title=\"\" data-rel=\"lightbox-image-bGlnaHRib3gtc2ltcGxlLWdhbGxlcnk=\" data-rl_title=\"\" data-rl_caption=\"\" data-lightbox-gallery=\"lightbox-simple-gallery\"><img decoding=\"async\" src=\"\/wp-content\/uploads\/2025\/12\/DSC_6623-copy-scaled.jpg\" alt=\"\" \/><\/a><\/li>\n<ul id=\"simple-gallery\" class=\"gallery-box\">\n<li><a href=\"\/wp-content\/uploads\/2025\/12\/DSC_3939-copy-scaled.jpg\" title=\"\" data-rel=\"lightbox-image-bGlnaHRib3gtc2ltcGxlLWdhbGxlcnk=\" data-rl_title=\"\" data-rl_caption=\"\" data-lightbox-gallery=\"lightbox-simple-gallery\"><img decoding=\"async\" src=\"\/wp-content\/uploads\/2025\/12\/DSC_3939-copy-scaled.jpg\" alt=\"\" \/><\/a><\/li>\n<ul id=\"simple-gallery\" class=\"gallery-box\">\n<li><a href=\"\/wp-content\/uploads\/2025\/12\/DSC_6653-copy-scaled.jpg\" title=\"\" data-rel=\"lightbox-image-bGlnaHRib3gtc2ltcGxlLWdhbGxlcnk=\" data-rl_title=\"\" data-rl_caption=\"\" data-lightbox-gallery=\"lightbox-simple-gallery\"><img decoding=\"async\" src=\"\/wp-content\/uploads\/2025\/12\/DSC_6653-copy-scaled.jpg\" alt=\"\" \/><\/a><\/li>\n<ul id=\"simple-gallery\" class=\"gallery-box\">\n<li><a href=\"\/wp-content\/uploads\/2025\/12\/DSC_6625-copy-scaled.jpg\" title=\"\" data-rel=\"lightbox-image-bGlnaHRib3gtc2ltcGxlLWdhbGxlcnk=\" data-rl_title=\"\" data-rl_caption=\"\" data-lightbox-gallery=\"lightbox-simple-gallery\"><img decoding=\"async\" src=\"\/wp-content\/uploads\/2025\/12\/DSC_6625-copy-scaled.jpg\" alt=\"\" \/><\/a><\/li>\n<ul id=\"simple-gallery\" class=\"gallery-box\">\n<li><a href=\"\/wp-content\/uploads\/2025\/12\/DSC_6594-copy-scaled.jpg\" title=\"\" data-rel=\"lightbox-image-bGlnaHRib3gtc2ltcGxlLWdhbGxlcnk=\" data-rl_title=\"\" data-rl_caption=\"\" data-lightbox-gallery=\"lightbox-simple-gallery\"><img decoding=\"async\" src=\"\/wp-content\/uploads\/2025\/12\/DSC_6594-copy-scaled.jpg\" alt=\"\" \/><\/a><\/li>\n<ul id=\"simple-gallery\" class=\"gallery-box\">\n<li><a href=\"\/wp-content\/uploads\/2025\/12\/DSC_3940-copy-scaled.jpg\" title=\"\" data-rel=\"lightbox-image-bGlnaHRib3gtc2ltcGxlLWdhbGxlcnk=\" data-rl_title=\"\" data-rl_caption=\"\" data-lightbox-gallery=\"lightbox-simple-gallery\"><img decoding=\"async\" src=\"\/wp-content\/uploads\/2025\/12\/DSC_3940-copy-scaled.jpg\" alt=\"\" \/><\/a><\/li>\n<ul id=\"simple-gallery\" class=\"gallery-box\">\n<li><a href=\"\/wp-content\/uploads\/2025\/12\/DSC_6578-copy-scaled.jpg\" title=\"\" data-rel=\"lightbox-image-bGlnaHRib3gtc2ltcGxlLWdhbGxlcnk=\" data-rl_title=\"\" data-rl_caption=\"\" data-lightbox-gallery=\"lightbox-simple-gallery\"><img decoding=\"async\" src=\"\/wp-content\/uploads\/2025\/12\/DSC_6578-copy-scaled.jpg\" alt=\"\" \/><\/a><\/li>\n<ul id=\"simple-gallery\" class=\"gallery-box\">\n<li><a href=\"\/wp-content\/uploads\/2025\/12\/DSC_3964-copy-scaled.jpg\" title=\"\" data-rel=\"lightbox-image-bGlnaHRib3gtc2ltcGxlLWdhbGxlcnk=\" data-rl_title=\"\" data-rl_caption=\"\" data-lightbox-gallery=\"lightbox-simple-gallery\"><img decoding=\"async\" src=\"\/wp-content\/uploads\/2025\/12\/DSC_3964-copy-scaled.jpg\" alt=\"\" \/><\/a><\/li>\n<ul id=\"simple-gallery\" class=\"gallery-box\">\n<li><a href=\"\/wp-content\/uploads\/2025\/12\/DSC_3855-copy-scaled.jpg\" title=\"\" data-rel=\"lightbox-image-bGlnaHRib3gtc2ltcGxlLWdhbGxlcnk=\" data-rl_title=\"\" data-rl_caption=\"\" data-lightbox-gallery=\"lightbox-simple-gallery\"><img decoding=\"async\" src=\"\/wp-content\/uploads\/2025\/12\/DSC_3855-copy-scaled.jpg\" alt=\"\" \/><\/a><\/li>\n<ul id=\"simple-gallery\" class=\"gallery-box\">\n<li><a href=\"\/wp-content\/uploads\/2025\/12\/DSC_3969-copy-scaled.jpg\" title=\"\" data-rel=\"lightbox-image-bGlnaHRib3gtc2ltcGxlLWdhbGxlcnk=\" data-rl_title=\"\" data-rl_caption=\"\" data-lightbox-gallery=\"lightbox-simple-gallery\"><img decoding=\"async\" src=\"\/wp-content\/uploads\/2025\/12\/DSC_3969-copy-scaled.jpg\" alt=\"\" \/><\/a><\/li>\n<ul id=\"simple-gallery\" class=\"gallery-box\">\n<li><a href=\"\/wp-content\/uploads\/2025\/12\/DSC_3895-copy-scaled.jpg\" title=\"\" data-rel=\"lightbox-image-bGlnaHRib3gtc2ltcGxlLWdhbGxlcnk=\" data-rl_title=\"\" data-rl_caption=\"\" data-lightbox-gallery=\"lightbox-simple-gallery\"><img decoding=\"async\" src=\"\/wp-content\/uploads\/2025\/12\/DSC_3895-copy-scaled.jpg\" alt=\"\" \/><\/a><\/li>\n<ul id=\"simple-gallery\" class=\"gallery-box\">\n<li><a href=\"\/wp-content\/uploads\/2025\/12\/DSC_3963-copy-scaled.jpg\" title=\"\" data-rel=\"lightbox-image-bGlnaHRib3gtc2ltcGxlLWdhbGxlcnk=\" data-rl_title=\"\" data-rl_caption=\"\" data-lightbox-gallery=\"lightbox-simple-gallery\"><img decoding=\"async\" src=\"\/wp-content\/uploads\/2025\/12\/DSC_3963-copy-scaled.jpg\" alt=\"\" \/><\/a><\/li>\n<ul id=\"simple-gallery\" class=\"gallery-box\">\n<li><a href=\"\/wp-content\/uploads\/2020\/02\/GHB-2019-1-1.jpg\" title=\"\" data-rel=\"lightbox-image-bGlnaHRib3gtc2ltcGxlLWdhbGxlcnk=\" data-rl_title=\"\" data-rl_caption=\"\" data-lightbox-gallery=\"lightbox-simple-gallery\"><img decoding=\"async\" src=\"\/wp-content\/uploads\/2020\/02\/GHB-2019-1-1.jpg\" alt=\"\" \/><\/a><\/li>\n<li><a href=\"\/wp-content\/uploads\/2020\/02\/GHB-2019-2.jpg\" title=\"\" data-rel=\"lightbox-image-bGlnaHRib3gtc2ltcGxlLWdhbGxlcnk=\" data-rl_title=\"\" data-rl_caption=\"\" data-lightbox-gallery=\"lightbox-simple-gallery\"><img decoding=\"async\" src=\"\/wp-content\/uploads\/2020\/02\/GHB-2019-2.jpg\" alt=\"\" \/><\/a><\/li>\n<li><a href=\"\/wp-content\/uploads\/2020\/02\/Or\u0142y-2019-1.jpg\" title=\"\" data-rel=\"lightbox-image-bGlnaHRib3gtc2ltcGxlLWdhbGxlcnk=\" data-rl_title=\"\" data-rl_caption=\"\" data-lightbox-gallery=\"lightbox-simple-gallery\"><img decoding=\"async\" src=\"\/wp-content\/uploads\/2020\/02\/Or\u0142y-2019-1.jpg\" alt=\"\" \/><\/a><\/li>\n<li><a href=\"\/wp-content\/uploads\/2020\/02\/Or\u0142y-2016-1.jpg\" title=\"\" data-rel=\"lightbox-image-bGlnaHRib3gtc2ltcGxlLWdhbGxlcnk=\" data-rl_title=\"\" data-rl_caption=\"\" data-lightbox-gallery=\"lightbox-simple-gallery\"><img decoding=\"async\" src=\"\/wp-content\/uploads\/2020\/02\/Or\u0142y-2016-1.jpg\" alt=\"\" \/><\/a><\/li>\n<li><a href=\"\/wp-content\/uploads\/2015\/12\/1.jpg\" title=\"\" data-rel=\"lightbox-image-bGlnaHRib3gtc2ltcGxlLWdhbGxlcnk=\" data-rl_title=\"\" data-rl_caption=\"\" data-lightbox-gallery=\"lightbox-simple-gallery\"><img decoding=\"async\" src=\"\/wp-content\/uploads\/2015\/12\/1-thumb.jpg\" alt=\"\" \/><\/a><\/li>\n<li><a href=\"\/wp-content\/uploads\/2015\/12\/3-2016.jpg\" title=\"\" data-rel=\"lightbox-image-bGlnaHRib3gtc2ltcGxlLWdhbGxlcnk=\" data-rl_title=\"\" data-rl_caption=\"\" data-lightbox-gallery=\"lightbox-simple-gallery\"><img decoding=\"async\" src=\"\/wp-content\/uploads\/2015\/12\/3-2016mm.jpg\" alt=\"\" \/><\/a><\/li>\n<li><a href=\"\/wp-content\/uploads\/2015\/12\/2-2016.jpg\" title=\"\" data-rel=\"lightbox-image-bGlnaHRib3gtc2ltcGxlLWdhbGxlcnk=\" data-rl_title=\"\" data-rl_caption=\"\" data-lightbox-gallery=\"lightbox-simple-gallery\"><img decoding=\"async\" src=\"\/wp-content\/uploads\/2015\/12\/2-2016m.jpg\" alt=\"\" \/><\/a><\/li>\n<li><a href=\"\/wp-content\/uploads\/2015\/12\/2016-4.jpg\" title=\"\" data-rel=\"lightbox-image-bGlnaHRib3gtc2ltcGxlLWdhbGxlcnk=\" data-rl_title=\"\" data-rl_caption=\"\" data-lightbox-gallery=\"lightbox-simple-gallery\"><img decoding=\"async\" src=\"\/wp-content\/uploads\/2015\/12\/2016-4.jpg\" alt=\"\" \/><\/a><\/li>\n<li><a href=\"\/wp-content\/uploads\/2015\/12\/2.jpg\" title=\"\" data-rel=\"lightbox-image-bGlnaHRib3gtc2ltcGxlLWdhbGxlcnk=\" data-rl_title=\"\" data-rl_caption=\"\" data-lightbox-gallery=\"lightbox-simple-gallery\"><img decoding=\"async\" src=\"\/wp-content\/uploads\/2015\/12\/2-thumb.jpg\" alt=\"\" \/><\/a><\/li>\n<li><a href=\"\/wp-content\/uploads\/2016\/06\/1-2014.jpg\" title=\"\" data-rel=\"lightbox-image-bGlnaHRib3gtc2ltcGxlLWdhbGxlcnk=\" data-rl_title=\"\" data-rl_caption=\"\" data-lightbox-gallery=\"lightbox-simple-gallery\"><img decoding=\"async\" src=\"\/wp-content\/uploads\/2015\/12\/3-thumb.jpg\" alt=\"\" \/><\/a><\/li>\n<li><a href=\"\/wp-content\/uploads\/2015\/12\/4.jpg\" title=\"\" data-rel=\"lightbox-image-bGlnaHRib3gtc2ltcGxlLWdhbGxlcnk=\" data-rl_title=\"\" data-rl_caption=\"\" data-lightbox-gallery=\"lightbox-simple-gallery\"><img decoding=\"async\" src=\"\/wp-content\/uploads\/2015\/12\/4-thumb.jpg\" alt=\"\" \/><\/a><\/li>\n<li><a href=\"\/wp-content\/uploads\/2015\/12\/5.jpg\" title=\"\" data-rel=\"lightbox-image-bGlnaHRib3gtc2ltcGxlLWdhbGxlcnk=\" data-rl_title=\"\" data-rl_caption=\"\" data-lightbox-gallery=\"lightbox-simple-gallery\"><img decoding=\"async\" src=\"\/wp-content\/uploads\/2015\/12\/5-thumb.jpg\" alt=\"\" \/><\/a><\/li>\n<li><a href=\"\/wp-content\/uploads\/2015\/12\/6.jpg\" title=\"\" data-rel=\"lightbox-image-bGlnaHRib3gtc2ltcGxlLWdhbGxlcnk=\" data-rl_title=\"\" data-rl_caption=\"\" data-lightbox-gallery=\"lightbox-simple-gallery\"><img decoding=\"async\" src=\"\/wp-content\/uploads\/2015\/12\/6-thumb.jpg\" alt=\"\" \/><\/a><\/li>\n<li><a href=\"\/wp-content\/uploads\/2015\/12\/7.jpg\" title=\"\" data-rel=\"lightbox-image-bGlnaHRib3gtc2ltcGxlLWdhbGxlcnk=\" data-rl_title=\"\" data-rl_caption=\"\" data-lightbox-gallery=\"lightbox-simple-gallery\"><img decoding=\"async\" src=\"\/wp-content\/uploads\/2015\/12\/7-thumb.jpg\" alt=\"\" \/><\/a><\/li>\n<li><a href=\"\/wp-content\/uploads\/2015\/12\/8.jpg\" title=\"\" data-rel=\"lightbox-image-bGlnaHRib3gtc2ltcGxlLWdhbGxlcnk=\" data-rl_title=\"\" data-rl_caption=\"\" data-lightbox-gallery=\"lightbox-simple-gallery\"><img decoding=\"async\" src=\"\/wp-content\/uploads\/2015\/12\/8-thumb.jpg\" alt=\"\" \/><\/a><\/li>\n<li><a href=\"\/wp-content\/uploads\/2015\/12\/9.jpg\" title=\"\" data-rel=\"lightbox-image-bGlnaHRib3gtc2ltcGxlLWdhbGxlcnk=\" data-rl_title=\"\" data-rl_caption=\"\" data-lightbox-gallery=\"lightbox-simple-gallery\"><img decoding=\"async\" src=\"\/wp-content\/uploads\/2015\/12\/9-thumb.jpg\" alt=\"\" \/><\/a><\/li>\n<li><a href=\"\/wp-content\/uploads\/2015\/12\/10.jpg\" title=\"\" data-rel=\"lightbox-image-bGlnaHRib3gtc2ltcGxlLWdhbGxlcnk=\" data-rl_title=\"\" data-rl_caption=\"\" data-lightbox-gallery=\"lightbox-simple-gallery\"><img decoding=\"async\" src=\"\/wp-content\/uploads\/2015\/12\/10-thumb.jpg\" alt=\"\" \/><\/a><\/li>\n<li><a href=\"\/wp-content\/uploads\/2015\/12\/11.jpg\" title=\"\" data-rel=\"lightbox-image-bGlnaHRib3gtc2ltcGxlLWdhbGxlcnk=\" data-rl_title=\"\" data-rl_caption=\"\" data-lightbox-gallery=\"lightbox-simple-gallery\"><img decoding=\"async\" src=\"\/wp-content\/uploads\/2015\/12\/11-thumb.jpg\" alt=\"\" \/><\/a><\/li>\n<li><a href=\"\/wp-content\/uploads\/2015\/12\/12.jpg\" title=\"\" data-rel=\"lightbox-image-bGlnaHRib3gtc2ltcGxlLWdhbGxlcnk=\" data-rl_title=\"\" data-rl_caption=\"\" data-lightbox-gallery=\"lightbox-simple-gallery\"><img decoding=\"async\" src=\"\/wp-content\/uploads\/2015\/12\/12-thumb.jpg\" alt=\"\" \/><\/a><\/li>\n<li><a href=\"\/wp-content\/uploads\/2015\/12\/13.jpg\" title=\"\" data-rel=\"lightbox-image-bGlnaHRib3gtc2ltcGxlLWdhbGxlcnk=\" data-rl_title=\"\" data-rl_caption=\"\" data-lightbox-gallery=\"lightbox-simple-gallery\"><img decoding=\"async\" src=\"\/wp-content\/uploads\/2015\/12\/13-thumb.jpg\" alt=\"\" \/><\/a><\/li>\n<\/ul>\n<\/div>\n","protected":false},"excerpt":{"rendered":"<p>Rozbud \u0141api\u0144scy Sp\u00f3\u0142ka Jawna (sp. j.) (liet. Tikroji \u016bkin\u0117 bendrija [T\u016aB]) tai \u0161eimos \u012fmon\u0117 su visi\u0161kai lenki\u0161ku kapitalu. \u012emon\u0117 \u012fkurta 1989 metais. Savo versle d\u0117mes\u012f sutelkiame \u012f atsakomyb\u0119 ir pasitik\u0117jim\u0105. Daugiamet\u0117 patirtis padar\u0117, kad u\u017esitarnavome sau solidaus ir profesionalaus gamintojo ir pardav\u0117jo reputacij\u0105. Bendradarbiaujame su daugybe patikim\u0173 ir \u017einom\u0173 gamykl\u0173, didmeninink\u0173 bei gamintoj\u0173. M\u016bs\u0173 produkcija [&hellip;]<\/p>\n","protected":false},"author":1,"featured_media":0,"parent":0,"menu_order":0,"comment_status":"closed","ping_status":"closed","template":"templates\/template-no-slider.php","meta":{"footnotes":""},"class_list":["post-1833","page","type-page","status-publish","hentry"],"_links":{"self":[{"href":"https:\/\/www.rozbud.eu\/lt\/wp-json\/wp\/v2\/pages\/1833"}],"collection":[{"href":"https:\/\/www.rozbud.eu\/lt\/wp-json\/wp\/v2\/pages"}],"about":[{"href":"https:\/\/www.rozbud.eu\/lt\/wp-json\/wp\/v2\/types\/page"}],"author":[{"embeddable":true,"href":"https:\/\/www.rozbud.eu\/lt\/wp-json\/wp\/v2\/users\/1"}],"replies":[{"embeddable":true,"href":"https:\/\/www.rozbud.eu\/lt\/wp-json\/wp\/v2\/comments?post=1833"}],"version-history":[{"count":3,"href":"https:\/\/www.rozbud.eu\/lt\/wp-json\/wp\/v2\/pages\/1833\/revisions"}],"predecessor-version":[{"id":5172,"href":"https:\/\/www.rozbud.eu\/lt\/wp-json\/wp\/v2\/pages\/1833\/revisions\/5172"}],"wp:attachment":[{"href":"https:\/\/www.rozbud.eu\/lt\/wp-json\/wp\/v2\/media?parent=1833"}],"curies":[{"name":"wp","href":"https:\/\/api.w.org\/{rel}","templated":true}]}}