{"id":3227,"date":"2019-06-25T12:34:44","date_gmt":"2019-06-25T10:34:44","guid":{"rendered":"http:\/\/rozbud.eu\/en\/gallery\/budownictwo-inwestycyjne\/"},"modified":"2019-06-26T07:43:16","modified_gmt":"2019-06-26T05:43:16","slug":"investment-construction","status":"publish","type":"page","link":"https:\/\/www.rozbud.eu\/en\/gallery\/investment-construction\/","title":{"rendered":"Investment construction"},"content":{"rendered":"<div class=\"row\" style=\"padding: 50px 0 30px;\">\n<h2 class=\"title-section\">Investment construction<\/h2>\n<p>Budownictwo inwestycyjne to wiele problem\u00f3w i potrzeb w zakresie organizacji zakupu oraz terminowych dostaw materia\u0142\u00f3w na miejsce budowy. Oferujemy kompleksowe zaopatrzenie w zakresie materia\u0142\u00f3w budowlanych niezale\u017cnie od wielko\u015bci nowo powstaj\u0105cego obiektu. Gwarantujemy obs\u0142ug\u0119 na najwy\u017cszym poziomie, elastyczne podej\u015bcie, doradztwo w zakresie mo\u017cliwych rozwi\u0105za\u0144<\/p>\n<ul id=\"simple-gallery\" class=\"gallery-box\">\n<li><a href=\"\/wp-content\/uploads\/2019\/06\/uzDSC_0695_1-1.jpg\" title=\"\" data-rel=\"lightbox-image-bGlnaHRib3gtc2ltcGxlLWdhbGxlcnk=\" data-rl_title=\"\" data-rl_caption=\"\" data-lightbox-gallery=\"lightbox-simple-gallery\"><img loading=\"lazy\" decoding=\"async\" src=\"\/wp-content\/uploads\/2019\/06\/uzDSC_0695_1-1.jpg\" alt=\"41\" width=\"300\" height=\"225\" class=\"aligncenter size-medium wp-image-2538\" \/><\/a><\/li>\n<li><a href=\"\/wp-content\/uploads\/2019\/06\/ul.-\u017babia-August\u00f3w.jpg\" title=\"\" data-rel=\"lightbox-image-bGlnaHRib3gtc2ltcGxlLWdhbGxlcnk=\" data-rl_title=\"\" data-rl_caption=\"\" data-lightbox-gallery=\"lightbox-simple-gallery\"><img loading=\"lazy\" decoding=\"async\" src=\"\/wp-content\/uploads\/2019\/06\/ul.-\u017babia-August\u00f3w.jpg\" alt=\"\" width=\"300\" height=\"225\" class=\"aligncenter size-medium wp-image-2538\" \/><\/a><\/li>\n<li><a href=\"\/wp-content\/uploads\/2019\/06\/Ul.-W\u0142o\u015bcia\u0144ska-August\u00f3w.jpg\" title=\"\" data-rel=\"lightbox-image-bGlnaHRib3gtc2ltcGxlLWdhbGxlcnk=\" data-rl_title=\"\" data-rl_caption=\"\" data-lightbox-gallery=\"lightbox-simple-gallery\"><img loading=\"lazy\" decoding=\"async\" src=\"\/wp-content\/uploads\/2019\/06\/Ul.-W\u0142o\u015bcia\u0144ska-August\u00f3w.jpg\" alt=\"\" width=\"300\" height=\"225\" class=\"aligncenter size-medium wp-image-2538\" \/><\/a><\/li>\n<li><a href=\"\/wp-content\/uploads\/2019\/06\/ul.-Muzyczna-Suwa\u0142ki.jpg\" title=\"\" data-rel=\"lightbox-image-bGlnaHRib3gtc2ltcGxlLWdhbGxlcnk=\" data-rl_title=\"\" data-rl_caption=\"\" data-lightbox-gallery=\"lightbox-simple-gallery\"><img loading=\"lazy\" decoding=\"async\" src=\"\/wp-content\/uploads\/2019\/06\/ul.-Muzyczna-Suwa\u0142ki.jpg\" alt=\"\" width=\"300\" height=\"225\" class=\"aligncenter size-medium wp-image-2538\" \/><\/a><\/li>\n<li><a href=\"\/wp-content\/uploads\/2019\/06\/Ul.-3-go-Maja-August\u00f3w.jpg\" title=\"\" data-rel=\"lightbox-image-bGlnaHRib3gtc2ltcGxlLWdhbGxlcnk=\" data-rl_title=\"\" data-rl_caption=\"\" data-lightbox-gallery=\"lightbox-simple-gallery\"><img loading=\"lazy\" decoding=\"async\" src=\"\/wp-content\/uploads\/2019\/06\/Ul.-3-go-Maja-August\u00f3w.jpg\" alt=\"\" width=\"300\" height=\"225\" class=\"aligncenter size-medium wp-image-2538\" \/><\/a><\/li>\n<li><a href=\"\/wp-content\/uploads\/2019\/06\/Suwa\u0142ki.jpg\" title=\"\" data-rel=\"lightbox-image-bGlnaHRib3gtc2ltcGxlLWdhbGxlcnk=\" data-rl_title=\"\" data-rl_caption=\"\" data-lightbox-gallery=\"lightbox-simple-gallery\"><img loading=\"lazy\" decoding=\"async\" src=\"\/wp-content\/uploads\/2019\/06\/Suwa\u0142ki.jpg\" alt=\"\" width=\"300\" height=\"225\" class=\"aligncenter size-medium wp-image-2538\" \/><\/a><\/li>\n<li><a href=\"\/wp-content\/uploads\/2019\/06\/IMG_3444.jpg\" title=\"\" data-rel=\"lightbox-image-bGlnaHRib3gtc2ltcGxlLWdhbGxlcnk=\" data-rl_title=\"\" data-rl_caption=\"\" data-lightbox-gallery=\"lightbox-simple-gallery\"><img loading=\"lazy\" decoding=\"async\" src=\"\/wp-content\/uploads\/2019\/06\/IMG_3444.jpg\" alt=\"\" width=\"300\" height=\"225\" class=\"aligncenter size-medium wp-image-2538\" \/><\/a><\/li>\n<li><a href=\"\/wp-content\/uploads\/2019\/06\/IMG_3173.jpg\" title=\"\" data-rel=\"lightbox-image-bGlnaHRib3gtc2ltcGxlLWdhbGxlcnk=\" data-rl_title=\"\" data-rl_caption=\"\" data-lightbox-gallery=\"lightbox-simple-gallery\"><img loading=\"lazy\" decoding=\"async\" src=\"\/wp-content\/uploads\/2019\/06\/IMG_3173.jpg\" alt=\"\" width=\"300\" height=\"225\" class=\"aligncenter size-medium wp-image-2538\" \/><\/a><\/li>\n<li><a href=\"\/wp-content\/uploads\/2019\/06\/Amfiteatr-August\u00f3w1.jpg\" title=\"\" data-rel=\"lightbox-image-bGlnaHRib3gtc2ltcGxlLWdhbGxlcnk=\" data-rl_title=\"\" data-rl_caption=\"\" data-lightbox-gallery=\"lightbox-simple-gallery\"><img loading=\"lazy\" decoding=\"async\" src=\"\/wp-content\/uploads\/2019\/06\/Amfiteatr-August\u00f3w1.jpg\" alt=\"\" width=\"300\" height=\"225\" class=\"aligncenter size-medium wp-image-2538\" \/><\/a><\/li>\n<\/ul>\n<\/div>\n","protected":false},"excerpt":{"rendered":"<p>Investment construction Budownictwo inwestycyjne to wiele problem\u00f3w i potrzeb w zakresie organizacji zakupu oraz terminowych dostaw materia\u0142\u00f3w na miejsce budowy. Oferujemy kompleksowe zaopatrzenie w zakresie materia\u0142\u00f3w budowlanych niezale\u017cnie od wielko\u015bci nowo powstaj\u0105cego obiektu. Gwarantujemy obs\u0142ug\u0119 na najwy\u017cszym poziomie, elastyczne podej\u015bcie, doradztwo w zakresie mo\u017cliwych rozwi\u0105za\u0144<\/p>\n","protected":false},"author":1,"featured_media":0,"parent":1905,"menu_order":0,"comment_status":"closed","ping_status":"closed","template":"templates\/template-no-slider.php","meta":{"footnotes":""},"class_list":["post-3227","page","type-page","status-publish","hentry"],"_links":{"self":[{"href":"https:\/\/www.rozbud.eu\/en\/wp-json\/wp\/v2\/pages\/3227"}],"collection":[{"href":"https:\/\/www.rozbud.eu\/en\/wp-json\/wp\/v2\/pages"}],"about":[{"href":"https:\/\/www.rozbud.eu\/en\/wp-json\/wp\/v2\/types\/page"}],"author":[{"embeddable":true,"href":"https:\/\/www.rozbud.eu\/en\/wp-json\/wp\/v2\/users\/1"}],"replies":[{"embeddable":true,"href":"https:\/\/www.rozbud.eu\/en\/wp-json\/wp\/v2\/comments?post=3227"}],"version-history":[{"count":0,"href":"https:\/\/www.rozbud.eu\/en\/wp-json\/wp\/v2\/pages\/3227\/revisions"}],"up":[{"embeddable":true,"href":"https:\/\/www.rozbud.eu\/en\/wp-json\/wp\/v2\/pages\/1905"}],"wp:attachment":[{"href":"https:\/\/www.rozbud.eu\/en\/wp-json\/wp\/v2\/media?parent=3227"}],"curies":[{"name":"wp","href":"https:\/\/api.w.org\/{rel}","templated":true}]}}