{"id":1830,"date":"2016-03-29T11:26:05","date_gmt":"2016-03-29T09:26:05","guid":{"rendered":"http:\/\/budowlana.g-soft.pl\/en\/?page_id=1830"},"modified":"2025-12-22T09:04:13","modified_gmt":"2025-12-22T08:04:13","slug":"about-us","status":"publish","type":"page","link":"https:\/\/www.rozbud.eu\/en\/about-us\/","title":{"rendered":"About us"},"content":{"rendered":"<div class=\"row\">\n\t\t\t<!-- START main_slider_en REVOLUTION SLIDER 6.7.20 --><p class=\"rs-p-wp-fix\"><\/p>\n\t\t\t<rs-module-wrap id=\"rev_slider_13_1_wrapper\" data-source=\"gallery\" style=\"visibility:hidden;background:transparent;padding:0;margin:0px auto;margin-top:0;margin-bottom:0;\">\n\t\t\t\t<rs-module id=\"rev_slider_13_1\" class=\" rs-ov-hidden\" style=\"\" data-version=\"6.7.20\">\n\t\t\t\t\t<rs-slides style=\"overflow: hidden; position: absolute;\">\n\t\t\t\t\t\t<rs-slide style=\"position: absolute;\" data-key=\"rs-95\" data-title=\"Slide\" data-thumb=\"\/\/www.rozbud.eu\/wp-content\/uploads\/2016\/02\/slider-pokrycia-dachowe-100x50.jpg\" data-anim=\"adpr:false;\">\n\t\t\t\t\t\t\t<img decoding=\"async\" src=\"\/\/www.rozbud.eu\/wp-content\/plugins\/revslider\/sr6\/assets\/assets\/dummy.png\" alt=\"\" title=\"About us\" class=\"rev-slidebg tp-rs-img rs-lazyload\" data-lazyload=\"\/\/www.rozbud.eu\/wp-content\/uploads\/2016\/02\/slider-pokrycia-dachowe.jpg\" data-no-retina>\n<!--\n\t\t\t\t\t\t\t--><rs-layer\n\t\t\t\t\t\t\t\tid=\"slider-13-slide-95-layer-1\" \n\t\t\t\t\t\t\t\tdata-type=\"image\"\n\t\t\t\t\t\t\t\tdata-rsp_ch=\"on\"\n\t\t\t\t\t\t\t\tdata-xy=\"x:c;y:c;yo:-70px;\"\n\t\t\t\t\t\t\t\tdata-text=\"l:22;\"\n\t\t\t\t\t\t\t\tdata-dim=\"w:365px;h:120px;\"\n\t\t\t\t\t\t\t\tdata-frame_0=\"tp:600;\"\n\t\t\t\t\t\t\t\tdata-frame_1=\"tp:600;e:power2.inOut;st:500;\"\n\t\t\t\t\t\t\t\tdata-frame_999=\"o:0;tp:600;e:nothing;st:w;\"\n\t\t\t\t\t\t\t\tstyle=\"z-index:5;\"\n\t\t\t\t\t\t\t><img decoding=\"async\" src=\"\/\/www.rozbud.eu\/wp-content\/plugins\/revslider\/sr6\/assets\/assets\/dummy.png\" alt=\"\" class=\"tp-rs-img rs-lazyload\" data-lazyload=\"\/\/rozbud.eu\/wp-content\/uploads\/2016\/03\/producer-of-roof-coverings.png\" data-no-retina> \n\t\t\t\t\t\t\t<\/rs-layer><!--\n-->\t\t\t\t\t<\/rs-slide>\n\t\t\t\t\t\t<rs-slide style=\"position: absolute;\" data-key=\"rs-93\" data-title=\"Slide\" data-thumb=\"\/\/www.rozbud.eu\/wp-content\/uploads\/2016\/02\/slider-materialy-budowlane-orynnowanie-100x50.jpg\" data-anim=\"adpr:false;\">\n\t\t\t\t\t\t\t<img decoding=\"async\" src=\"\/\/www.rozbud.eu\/wp-content\/plugins\/revslider\/sr6\/assets\/assets\/dummy.png\" alt=\"\" title=\"About us\" class=\"rev-slidebg tp-rs-img rs-lazyload\" data-lazyload=\"\/\/www.rozbud.eu\/wp-content\/uploads\/2016\/02\/slider-materialy-budowlane-orynnowanie.jpg\" data-no-retina>\n<!--\n\t\t\t\t\t\t\t--><rs-layer\n\t\t\t\t\t\t\t\tid=\"slider-13-slide-93-layer-6\" \n\t\t\t\t\t\t\t\tdata-type=\"image\"\n\t\t\t\t\t\t\t\tdata-rsp_ch=\"on\"\n\t\t\t\t\t\t\t\tdata-xy=\"x:480px;y:70px;\"\n\t\t\t\t\t\t\t\tdata-text=\"l:22;\"\n\t\t\t\t\t\t\t\tdata-dim=\"w:665px;h:120px;\"\n\t\t\t\t\t\t\t\tdata-frame_0=\"tp:600;\"\n\t\t\t\t\t\t\t\tdata-frame_1=\"tp:600;e:power2.inOut;st:500;\"\n\t\t\t\t\t\t\t\tdata-frame_999=\"o:0;tp:600;e:nothing;st:w;\"\n\t\t\t\t\t\t\t\tstyle=\"z-index:5;\"\n\t\t\t\t\t\t\t><img decoding=\"async\" src=\"\/\/www.rozbud.eu\/wp-content\/plugins\/revslider\/sr6\/assets\/assets\/dummy.png\" alt=\"\" class=\"tp-rs-img rs-lazyload\" data-lazyload=\"\/\/rozbud.eu\/wp-content\/uploads\/2016\/03\/producer-of-steel-roof-dreinage-system.png\" data-no-retina> \n\t\t\t\t\t\t\t<\/rs-layer><!--\n-->\t\t\t\t\t<\/rs-slide>\n\t\t\t\t\t\t<rs-slide style=\"position: absolute;\" data-key=\"rs-94\" data-title=\"Slide\" data-thumb=\"\/\/www.rozbud.eu\/wp-content\/uploads\/2016\/03\/slider-producent-betonu-towarowego-100x50.jpg\" data-anim=\"adpr:false;\">\n\t\t\t\t\t\t\t<img decoding=\"async\" src=\"\/\/www.rozbud.eu\/wp-content\/plugins\/revslider\/sr6\/assets\/assets\/dummy.png\" alt=\"\" title=\"About us\" class=\"rev-slidebg tp-rs-img rs-lazyload\" data-lazyload=\"\/\/www.rozbud.eu\/wp-content\/uploads\/2016\/03\/slider-producent-betonu-towarowego.jpg\" data-no-retina>\n<!--\n\t\t\t\t\t\t\t--><rs-layer\n\t\t\t\t\t\t\t\tid=\"slider-13-slide-94-layer-3\" \n\t\t\t\t\t\t\t\tdata-type=\"image\"\n\t\t\t\t\t\t\t\tdata-rsp_ch=\"on\"\n\t\t\t\t\t\t\t\tdata-xy=\"x:100px;y:60px;\"\n\t\t\t\t\t\t\t\tdata-text=\"l:22;\"\n\t\t\t\t\t\t\t\tdata-dim=\"w:259px;h:120px;\"\n\t\t\t\t\t\t\t\tdata-frame_0=\"tp:600;\"\n\t\t\t\t\t\t\t\tdata-frame_1=\"tp:600;e:power2.inOut;st:500;\"\n\t\t\t\t\t\t\t\tdata-frame_999=\"o:0;tp:600;e:nothing;st:w;\"\n\t\t\t\t\t\t\t\tstyle=\"z-index:5;\"\n\t\t\t\t\t\t\t><img decoding=\"async\" src=\"\/\/www.rozbud.eu\/wp-content\/plugins\/revslider\/sr6\/assets\/assets\/dummy.png\" alt=\"\" class=\"tp-rs-img rs-lazyload\" data-lazyload=\"\/\/rozbud.eu\/wp-content\/uploads\/2016\/03\/producer-of-concrete.png\" data-no-retina> \n\t\t\t\t\t\t\t<\/rs-layer><!--\n-->\t\t\t\t\t<\/rs-slide>\n\t\t\t\t\t\t<rs-slide style=\"position: absolute;\" data-key=\"rs-96\" data-title=\"Slide\" data-thumb=\"\/\/www.rozbud.eu\/wp-content\/uploads\/2016\/02\/slider-materialy-budowlane-100x50.jpg\" data-anim=\"adpr:false;\">\n\t\t\t\t\t\t\t<img decoding=\"async\" src=\"\/\/www.rozbud.eu\/wp-content\/plugins\/revslider\/sr6\/assets\/assets\/dummy.png\" alt=\"\" title=\"About us\" class=\"rev-slidebg tp-rs-img rs-lazyload\" data-lazyload=\"\/\/www.rozbud.eu\/wp-content\/uploads\/2016\/02\/slider-materialy-budowlane.jpg\" data-no-retina>\n<!--\n\t\t\t\t\t\t\t--><rs-layer\n\t\t\t\t\t\t\t\tid=\"slider-13-slide-96-layer-1\" \n\t\t\t\t\t\t\t\tdata-type=\"image\"\n\t\t\t\t\t\t\t\tdata-rsp_ch=\"on\"\n\t\t\t\t\t\t\t\tdata-xy=\"x:c;y:c;yo:-90px;\"\n\t\t\t\t\t\t\t\tdata-text=\"l:22;\"\n\t\t\t\t\t\t\t\tdata-dim=\"w:275px;h:120px;\"\n\t\t\t\t\t\t\t\tdata-frame_0=\"tp:600;\"\n\t\t\t\t\t\t\t\tdata-frame_1=\"tp:600;e:power2.inOut;st:500;\"\n\t\t\t\t\t\t\t\tdata-frame_999=\"o:0;tp:600;e:nothing;st:w;\"\n\t\t\t\t\t\t\t\tstyle=\"z-index:5;\"\n\t\t\t\t\t\t\t><img decoding=\"async\" src=\"\/\/www.rozbud.eu\/wp-content\/plugins\/revslider\/sr6\/assets\/assets\/dummy.png\" alt=\"\" class=\"tp-rs-img rs-lazyload\" data-lazyload=\"\/\/rozbud.eu\/wp-content\/uploads\/2016\/03\/bulding-materials.png\" data-no-retina> \n\t\t\t\t\t\t\t<\/rs-layer><!--\n-->\t\t\t\t\t<\/rs-slide>\n\t\t\t\t\t<\/rs-slides>\n\t\t\t\t<\/rs-module>\n\t\t\t\t<script>\n\t\t\t\t\tsetREVStartSize({c: 'rev_slider_13_1',rl:[1240,1024,778,480],el:[],gw:[1240],gh:[400],type:'standard',justify:'',layout:'fullwidth',mh:\"0\"});if (window.RS_MODULES!==undefined && window.RS_MODULES.modules!==undefined && window.RS_MODULES.modules[\"revslider131\"]!==undefined) {window.RS_MODULES.modules[\"revslider131\"].once = false;window.revapi13 = undefined;if (window.RS_MODULES.checkMinimal!==undefined) window.RS_MODULES.checkMinimal()}\n\t\t\t\t<\/script>\n\t\t\t<\/rs-module-wrap>\n\t\t\t<!-- END REVOLUTION SLIDER -->\n<\/div>\n<div class=\"row\">\n<p style=\"margin: 30px 0; text-align: justify; line-height: 24px;\">\nRozbud \u0141api\u0144scy Sp\u00f3\u0142ka Jawna (sp. j.) is a family company with entirely Polish capital. We came into existence in 1989. In our business we depend on responsibility and trust. Years of experience let us to be known as a decent and professional producer and seller. We cooperate with a lot of checked and prominent steelworks, warehouses and producers.\n<\/p>\n<p style=\"text-align: justify; line-height: 24px;\">\nOur production is, first of all:\n<\/p>\n<ul style=\"list-style: circle;\">\n<li>roof coverings<\/li>\n<li>metal roof drainage system Orino<\/li>\n<li>roof flashings<\/li>\n<li>ready-mix concrete<\/li>\n<li>concrete foundation blocks<\/li>\n<\/ul>\n<p style=\"margin-bottom: 30px; text-align: justify; line-height: 24px;\">\nBesides the production, we sell building materials for construction and renovation of buildings from their foundations up to the roofs. For more than 25 years we have set satisfaction of our clients as our goal, thus we offer high quality products in attractive prices.\n<\/p>\n<p style=\"margin-bottom: 30px; text-align: justify; line-height: 24px;\">\nWe are distinguishable due to the complexity of our services which consist of professional guidance, specialist transport and preferable trade conditions. We  are a decent partner with a stable market position, and consequently we may offer our clients attractive conditions of permanent cooperation.\n<\/p>\n<p style=\"margin-bottom: 30px; text-align: justify; line-height: 24px;\">\nWe invite you to familiarize yourself with our offer.\n<\/p>\n<hr style=\"border: 0; width: 100%; height: 4px; background: #f3f3f3; margin: 35px 0 40px 0;\" \/>\n<h2 class=\"title-section fixed\">Awards and certificates<\/h3>\n<ul id=\"simple-gallery\" class=\"gallery-box\">\n<li><a href=\"\/wp-content\/uploads\/2025\/12\/DSC_3985-copy-scaled.jpg\" title=\"\" data-rel=\"lightbox-image-bGlnaHRib3gtc2ltcGxlLWdhbGxlcnk=\" data-rl_title=\"\" data-rl_caption=\"\" data-lightbox-gallery=\"lightbox-simple-gallery\"><img decoding=\"async\" src=\"\/wp-content\/uploads\/2025\/12\/DSC_3985-copy-scaled.jpg\" alt=\"\" \/><\/a><\/li>\n<ul id=\"simple-gallery\" class=\"gallery-box\">\n<li><a href=\"\/wp-content\/uploads\/2025\/12\/DSC_3922-copy-scaled.jpg\" title=\"\" data-rel=\"lightbox-image-bGlnaHRib3gtc2ltcGxlLWdhbGxlcnk=\" data-rl_title=\"\" data-rl_caption=\"\" data-lightbox-gallery=\"lightbox-simple-gallery\"><img decoding=\"async\" src=\"\/wp-content\/uploads\/2025\/12\/DSC_3922-copy-scaled.jpg\" alt=\"\" \/><\/a><\/li>\n<ul id=\"simple-gallery\" class=\"gallery-box\">\n<li><a href=\"\/wp-content\/uploads\/2025\/12\/DSC_3896-copy-scaled.jpg\" title=\"\" data-rel=\"lightbox-image-bGlnaHRib3gtc2ltcGxlLWdhbGxlcnk=\" data-rl_title=\"\" data-rl_caption=\"\" data-lightbox-gallery=\"lightbox-simple-gallery\"><img decoding=\"async\" src=\"\/wp-content\/uploads\/2025\/12\/DSC_3896-copy-scaled.jpg\" alt=\"\" \/><\/a><\/li>\n<ul id=\"simple-gallery\" class=\"gallery-box\">\n<li><a href=\"\/wp-content\/uploads\/2025\/12\/DSC_3890-copy-scaled.jpg\" title=\"\" data-rel=\"lightbox-image-bGlnaHRib3gtc2ltcGxlLWdhbGxlcnk=\" data-rl_title=\"\" data-rl_caption=\"\" data-lightbox-gallery=\"lightbox-simple-gallery\"><img decoding=\"async\" src=\"\/wp-content\/uploads\/2025\/12\/DSC_3890-copy-scaled.jpg\" alt=\"\" \/><\/a><\/li>\n<ul id=\"simple-gallery\" class=\"gallery-box\">\n<li><a href=\"\/wp-content\/uploads\/2025\/12\/DSC_3974-copy-scaled.jpg\" title=\"\" data-rel=\"lightbox-image-bGlnaHRib3gtc2ltcGxlLWdhbGxlcnk=\" data-rl_title=\"\" data-rl_caption=\"\" data-lightbox-gallery=\"lightbox-simple-gallery\"><img decoding=\"async\" src=\"\/wp-content\/uploads\/2025\/12\/DSC_3974-copy-scaled.jpg\" alt=\"\" \/><\/a><\/li>\n<ul id=\"simple-gallery\" class=\"gallery-box\">\n<li><a href=\"\/wp-content\/uploads\/2025\/12\/DSC_6602-copy-scaled.jpg\" title=\"\" data-rel=\"lightbox-image-bGlnaHRib3gtc2ltcGxlLWdhbGxlcnk=\" data-rl_title=\"\" data-rl_caption=\"\" data-lightbox-gallery=\"lightbox-simple-gallery\"><img decoding=\"async\" src=\"\/wp-content\/uploads\/2025\/12\/DSC_6602-copy-scaled.jpg\" alt=\"\" \/><\/a><\/li>\n<ul id=\"simple-gallery\" class=\"gallery-box\">\n<li><a href=\"\/wp-content\/uploads\/2025\/12\/DSC_3904-copy-2-scaled.jpg\" title=\"\" data-rel=\"lightbox-image-bGlnaHRib3gtc2ltcGxlLWdhbGxlcnk=\" data-rl_title=\"\" data-rl_caption=\"\" data-lightbox-gallery=\"lightbox-simple-gallery\"><img decoding=\"async\" src=\"\/wp-content\/uploads\/2025\/12\/DSC_3904-copy-2-scaled.jpg\" alt=\"\" \/><\/a><\/li>\n<ul id=\"simple-gallery\" class=\"gallery-box\">\n<li><a href=\"\/wp-content\/uploads\/2025\/12\/DSC_6611-copy-scaled.jpg\" title=\"\" data-rel=\"lightbox-image-bGlnaHRib3gtc2ltcGxlLWdhbGxlcnk=\" data-rl_title=\"\" data-rl_caption=\"\" data-lightbox-gallery=\"lightbox-simple-gallery\"><img decoding=\"async\" src=\"\/wp-content\/uploads\/2025\/12\/DSC_6611-copy-scaled.jpg\" alt=\"\" \/><\/a><\/li>\n<ul id=\"simple-gallery\" class=\"gallery-box\">\n<li><a href=\"\/wp-content\/uploads\/2025\/12\/DSC_6623-copy-scaled.jpg\" title=\"\" data-rel=\"lightbox-image-bGlnaHRib3gtc2ltcGxlLWdhbGxlcnk=\" data-rl_title=\"\" data-rl_caption=\"\" data-lightbox-gallery=\"lightbox-simple-gallery\"><img decoding=\"async\" src=\"\/wp-content\/uploads\/2025\/12\/DSC_6623-copy-scaled.jpg\" alt=\"\" \/><\/a><\/li>\n<ul id=\"simple-gallery\" class=\"gallery-box\">\n<li><a href=\"\/wp-content\/uploads\/2025\/12\/DSC_3939-copy-scaled.jpg\" title=\"\" data-rel=\"lightbox-image-bGlnaHRib3gtc2ltcGxlLWdhbGxlcnk=\" data-rl_title=\"\" data-rl_caption=\"\" data-lightbox-gallery=\"lightbox-simple-gallery\"><img decoding=\"async\" src=\"\/wp-content\/uploads\/2025\/12\/DSC_3939-copy-scaled.jpg\" alt=\"\" \/><\/a><\/li>\n<ul id=\"simple-gallery\" class=\"gallery-box\">\n<li><a href=\"\/wp-content\/uploads\/2025\/12\/DSC_6653-copy-scaled.jpg\" title=\"\" data-rel=\"lightbox-image-bGlnaHRib3gtc2ltcGxlLWdhbGxlcnk=\" data-rl_title=\"\" data-rl_caption=\"\" data-lightbox-gallery=\"lightbox-simple-gallery\"><img decoding=\"async\" src=\"\/wp-content\/uploads\/2025\/12\/DSC_6653-copy-scaled.jpg\" alt=\"\" \/><\/a><\/li>\n<ul id=\"simple-gallery\" class=\"gallery-box\">\n<li><a href=\"\/wp-content\/uploads\/2025\/12\/DSC_6625-copy-scaled.jpg\" title=\"\" data-rel=\"lightbox-image-bGlnaHRib3gtc2ltcGxlLWdhbGxlcnk=\" data-rl_title=\"\" data-rl_caption=\"\" data-lightbox-gallery=\"lightbox-simple-gallery\"><img decoding=\"async\" src=\"\/wp-content\/uploads\/2025\/12\/DSC_6625-copy-scaled.jpg\" alt=\"\" \/><\/a><\/li>\n<ul id=\"simple-gallery\" class=\"gallery-box\">\n<li><a href=\"\/wp-content\/uploads\/2025\/12\/DSC_6594-copy-scaled.jpg\" title=\"\" data-rel=\"lightbox-image-bGlnaHRib3gtc2ltcGxlLWdhbGxlcnk=\" data-rl_title=\"\" data-rl_caption=\"\" data-lightbox-gallery=\"lightbox-simple-gallery\"><img decoding=\"async\" src=\"\/wp-content\/uploads\/2025\/12\/DSC_6594-copy-scaled.jpg\" alt=\"\" \/><\/a><\/li>\n<ul id=\"simple-gallery\" class=\"gallery-box\">\n<li><a href=\"\/wp-content\/uploads\/2025\/12\/DSC_3940-copy-scaled.jpg\" title=\"\" data-rel=\"lightbox-image-bGlnaHRib3gtc2ltcGxlLWdhbGxlcnk=\" data-rl_title=\"\" data-rl_caption=\"\" data-lightbox-gallery=\"lightbox-simple-gallery\"><img decoding=\"async\" src=\"\/wp-content\/uploads\/2025\/12\/DSC_3940-copy-scaled.jpg\" alt=\"\" \/><\/a><\/li>\n<ul id=\"simple-gallery\" class=\"gallery-box\">\n<li><a href=\"\/wp-content\/uploads\/2025\/12\/DSC_6578-copy-scaled.jpg\" title=\"\" data-rel=\"lightbox-image-bGlnaHRib3gtc2ltcGxlLWdhbGxlcnk=\" data-rl_title=\"\" data-rl_caption=\"\" data-lightbox-gallery=\"lightbox-simple-gallery\"><img decoding=\"async\" src=\"\/wp-content\/uploads\/2025\/12\/DSC_6578-copy-scaled.jpg\" alt=\"\" \/><\/a><\/li>\n<ul id=\"simple-gallery\" class=\"gallery-box\">\n<li><a href=\"\/wp-content\/uploads\/2025\/12\/DSC_3964-copy-scaled.jpg\" title=\"\" data-rel=\"lightbox-image-bGlnaHRib3gtc2ltcGxlLWdhbGxlcnk=\" data-rl_title=\"\" data-rl_caption=\"\" data-lightbox-gallery=\"lightbox-simple-gallery\"><img decoding=\"async\" src=\"\/wp-content\/uploads\/2025\/12\/DSC_3964-copy-scaled.jpg\" alt=\"\" \/><\/a><\/li>\n<ul id=\"simple-gallery\" class=\"gallery-box\">\n<li><a href=\"\/wp-content\/uploads\/2025\/12\/DSC_3855-copy-scaled.jpg\" title=\"\" data-rel=\"lightbox-image-bGlnaHRib3gtc2ltcGxlLWdhbGxlcnk=\" data-rl_title=\"\" data-rl_caption=\"\" data-lightbox-gallery=\"lightbox-simple-gallery\"><img decoding=\"async\" src=\"\/wp-content\/uploads\/2025\/12\/DSC_3855-copy-scaled.jpg\" alt=\"\" \/><\/a><\/li>\n<ul id=\"simple-gallery\" class=\"gallery-box\">\n<li><a href=\"\/wp-content\/uploads\/2025\/12\/DSC_3969-copy-scaled.jpg\" title=\"\" data-rel=\"lightbox-image-bGlnaHRib3gtc2ltcGxlLWdhbGxlcnk=\" data-rl_title=\"\" data-rl_caption=\"\" data-lightbox-gallery=\"lightbox-simple-gallery\"><img decoding=\"async\" src=\"\/wp-content\/uploads\/2025\/12\/DSC_3969-copy-scaled.jpg\" alt=\"\" \/><\/a><\/li>\n<ul id=\"simple-gallery\" class=\"gallery-box\">\n<li><a href=\"\/wp-content\/uploads\/2025\/12\/DSC_3895-copy-scaled.jpg\" title=\"\" data-rel=\"lightbox-image-bGlnaHRib3gtc2ltcGxlLWdhbGxlcnk=\" data-rl_title=\"\" data-rl_caption=\"\" data-lightbox-gallery=\"lightbox-simple-gallery\"><img decoding=\"async\" src=\"\/wp-content\/uploads\/2025\/12\/DSC_3895-copy-scaled.jpg\" alt=\"\" \/><\/a><\/li>\n<ul id=\"simple-gallery\" class=\"gallery-box\">\n<li><a href=\"\/wp-content\/uploads\/2025\/12\/DSC_3963-copy-scaled.jpg\" title=\"\" data-rel=\"lightbox-image-bGlnaHRib3gtc2ltcGxlLWdhbGxlcnk=\" data-rl_title=\"\" data-rl_caption=\"\" data-lightbox-gallery=\"lightbox-simple-gallery\"><img decoding=\"async\" src=\"\/wp-content\/uploads\/2025\/12\/DSC_3963-copy-scaled.jpg\" alt=\"\" \/><\/a><\/li>\n<ul id=\"simple-gallery\" class=\"gallery-box\">\n<li><a href=\"\/wp-content\/uploads\/2020\/02\/GHB-2019-1-1.jpg\" title=\"\" data-rel=\"lightbox-image-bGlnaHRib3gtc2ltcGxlLWdhbGxlcnk=\" data-rl_title=\"\" data-rl_caption=\"\" data-lightbox-gallery=\"lightbox-simple-gallery\"><img decoding=\"async\" src=\"\/wp-content\/uploads\/2020\/02\/GHB-2019-1-1.jpg\" alt=\"\" \/><\/a><\/li>\n<li><a href=\"\/wp-content\/uploads\/2020\/02\/GHB-2019-2.jpg\" title=\"\" data-rel=\"lightbox-image-bGlnaHRib3gtc2ltcGxlLWdhbGxlcnk=\" data-rl_title=\"\" data-rl_caption=\"\" data-lightbox-gallery=\"lightbox-simple-gallery\"><img decoding=\"async\" src=\"\/wp-content\/uploads\/2020\/02\/GHB-2019-2.jpg\" alt=\"\" \/><\/a><\/li>\n<li><a href=\"\/wp-content\/uploads\/2020\/02\/Or\u0142y-2019-1.jpg\" title=\"\" data-rel=\"lightbox-image-bGlnaHRib3gtc2ltcGxlLWdhbGxlcnk=\" data-rl_title=\"\" data-rl_caption=\"\" data-lightbox-gallery=\"lightbox-simple-gallery\"><img decoding=\"async\" src=\"\/wp-content\/uploads\/2020\/02\/Or\u0142y-2019-1.jpg\" alt=\"\" \/><\/a><\/li>\n<li><a href=\"\/wp-content\/uploads\/2020\/02\/Or\u0142y-2016-1.jpg\" title=\"\" data-rel=\"lightbox-image-bGlnaHRib3gtc2ltcGxlLWdhbGxlcnk=\" data-rl_title=\"\" data-rl_caption=\"\" data-lightbox-gallery=\"lightbox-simple-gallery\"><img decoding=\"async\" src=\"\/wp-content\/uploads\/2020\/02\/Or\u0142y-2016-1.jpg\" alt=\"\" \/><\/a><\/li>\n<li><a href=\"\/wp-content\/uploads\/2015\/12\/1.jpg\" title=\"\" data-rel=\"lightbox-image-bGlnaHRib3gtc2ltcGxlLWdhbGxlcnk=\" data-rl_title=\"\" data-rl_caption=\"\" data-lightbox-gallery=\"lightbox-simple-gallery\"><img decoding=\"async\" src=\"\/wp-content\/uploads\/2015\/12\/1-thumb.jpg\" alt=\"\" \/><\/a><\/li>\n<li><a href=\"\/wp-content\/uploads\/2015\/12\/3-2016.jpg\" title=\"\" data-rel=\"lightbox-image-bGlnaHRib3gtc2ltcGxlLWdhbGxlcnk=\" data-rl_title=\"\" data-rl_caption=\"\" data-lightbox-gallery=\"lightbox-simple-gallery\"><img decoding=\"async\" src=\"\/wp-content\/uploads\/2015\/12\/3-2016mm.jpg\" alt=\"\" \/><\/a><\/li>\n<li><a href=\"\/wp-content\/uploads\/2015\/12\/2-2016.jpg\" title=\"\" data-rel=\"lightbox-image-bGlnaHRib3gtc2ltcGxlLWdhbGxlcnk=\" data-rl_title=\"\" data-rl_caption=\"\" data-lightbox-gallery=\"lightbox-simple-gallery\"><img decoding=\"async\" src=\"\/wp-content\/uploads\/2015\/12\/2-2016m.jpg\" alt=\"\" \/><\/a><\/li>\n<li><a href=\"\/wp-content\/uploads\/2015\/12\/2016-4.jpg\" title=\"\" data-rel=\"lightbox-image-bGlnaHRib3gtc2ltcGxlLWdhbGxlcnk=\" data-rl_title=\"\" data-rl_caption=\"\" data-lightbox-gallery=\"lightbox-simple-gallery\"><img decoding=\"async\" src=\"\/wp-content\/uploads\/2015\/12\/2016-4.jpg\" alt=\"\" \/><\/a><\/li>\n<li><a href=\"\/wp-content\/uploads\/2015\/12\/2.jpg\" title=\"\" data-rel=\"lightbox-image-bGlnaHRib3gtc2ltcGxlLWdhbGxlcnk=\" data-rl_title=\"\" data-rl_caption=\"\" data-lightbox-gallery=\"lightbox-simple-gallery\"><img decoding=\"async\" src=\"\/wp-content\/uploads\/2015\/12\/2-thumb.jpg\" alt=\"\" \/><\/a><\/li>\n<li><a href=\"\/wp-content\/uploads\/2016\/06\/1-2014.jpg\" title=\"\" data-rel=\"lightbox-image-bGlnaHRib3gtc2ltcGxlLWdhbGxlcnk=\" data-rl_title=\"\" data-rl_caption=\"\" data-lightbox-gallery=\"lightbox-simple-gallery\"><img decoding=\"async\" src=\"\/wp-content\/uploads\/2015\/12\/3-thumb.jpg\" alt=\"\" \/><\/a><\/li>\n<li><a href=\"\/wp-content\/uploads\/2015\/12\/4.jpg\" title=\"\" data-rel=\"lightbox-image-bGlnaHRib3gtc2ltcGxlLWdhbGxlcnk=\" data-rl_title=\"\" data-rl_caption=\"\" data-lightbox-gallery=\"lightbox-simple-gallery\"><img decoding=\"async\" src=\"\/wp-content\/uploads\/2015\/12\/4-thumb.jpg\" alt=\"\" \/><\/a><\/li>\n<li><a href=\"\/wp-content\/uploads\/2015\/12\/5.jpg\" title=\"\" data-rel=\"lightbox-image-bGlnaHRib3gtc2ltcGxlLWdhbGxlcnk=\" data-rl_title=\"\" data-rl_caption=\"\" data-lightbox-gallery=\"lightbox-simple-gallery\"><img decoding=\"async\" src=\"\/wp-content\/uploads\/2015\/12\/5-thumb.jpg\" alt=\"\" \/><\/a><\/li>\n<li><a href=\"\/wp-content\/uploads\/2015\/12\/6.jpg\" title=\"\" data-rel=\"lightbox-image-bGlnaHRib3gtc2ltcGxlLWdhbGxlcnk=\" data-rl_title=\"\" data-rl_caption=\"\" data-lightbox-gallery=\"lightbox-simple-gallery\"><img decoding=\"async\" src=\"\/wp-content\/uploads\/2015\/12\/6-thumb.jpg\" alt=\"\" \/><\/a><\/li>\n<li><a href=\"\/wp-content\/uploads\/2015\/12\/7.jpg\" title=\"\" data-rel=\"lightbox-image-bGlnaHRib3gtc2ltcGxlLWdhbGxlcnk=\" data-rl_title=\"\" data-rl_caption=\"\" data-lightbox-gallery=\"lightbox-simple-gallery\"><img decoding=\"async\" src=\"\/wp-content\/uploads\/2015\/12\/7-thumb.jpg\" alt=\"\" \/><\/a><\/li>\n<li><a href=\"\/wp-content\/uploads\/2015\/12\/8.jpg\" title=\"\" data-rel=\"lightbox-image-bGlnaHRib3gtc2ltcGxlLWdhbGxlcnk=\" data-rl_title=\"\" data-rl_caption=\"\" data-lightbox-gallery=\"lightbox-simple-gallery\"><img decoding=\"async\" src=\"\/wp-content\/uploads\/2015\/12\/8-thumb.jpg\" alt=\"\" \/><\/a><\/li>\n<li><a href=\"\/wp-content\/uploads\/2015\/12\/9.jpg\" title=\"\" data-rel=\"lightbox-image-bGlnaHRib3gtc2ltcGxlLWdhbGxlcnk=\" data-rl_title=\"\" data-rl_caption=\"\" data-lightbox-gallery=\"lightbox-simple-gallery\"><img decoding=\"async\" src=\"\/wp-content\/uploads\/2015\/12\/9-thumb.jpg\" alt=\"\" \/><\/a><\/li>\n<li><a href=\"\/wp-content\/uploads\/2015\/12\/10.jpg\" title=\"\" data-rel=\"lightbox-image-bGlnaHRib3gtc2ltcGxlLWdhbGxlcnk=\" data-rl_title=\"\" data-rl_caption=\"\" data-lightbox-gallery=\"lightbox-simple-gallery\"><img decoding=\"async\" src=\"\/wp-content\/uploads\/2015\/12\/10-thumb.jpg\" alt=\"\" \/><\/a><\/li>\n<li><a href=\"\/wp-content\/uploads\/2015\/12\/11.jpg\" title=\"\" data-rel=\"lightbox-image-bGlnaHRib3gtc2ltcGxlLWdhbGxlcnk=\" data-rl_title=\"\" data-rl_caption=\"\" data-lightbox-gallery=\"lightbox-simple-gallery\"><img decoding=\"async\" src=\"\/wp-content\/uploads\/2015\/12\/11-thumb.jpg\" alt=\"\" \/><\/a><\/li>\n<li><a href=\"\/wp-content\/uploads\/2015\/12\/12.jpg\" title=\"\" data-rel=\"lightbox-image-bGlnaHRib3gtc2ltcGxlLWdhbGxlcnk=\" data-rl_title=\"\" data-rl_caption=\"\" data-lightbox-gallery=\"lightbox-simple-gallery\"><img decoding=\"async\" src=\"\/wp-content\/uploads\/2015\/12\/12-thumb.jpg\" alt=\"\" \/><\/a><\/li>\n<li><a href=\"\/wp-content\/uploads\/2015\/12\/13.jpg\" title=\"\" data-rel=\"lightbox-image-bGlnaHRib3gtc2ltcGxlLWdhbGxlcnk=\" data-rl_title=\"\" data-rl_caption=\"\" data-lightbox-gallery=\"lightbox-simple-gallery\"><img decoding=\"async\" src=\"\/wp-content\/uploads\/2015\/12\/13-thumb.jpg\" alt=\"\" \/><\/a><\/li>\n<\/ul>\n<\/div>\n","protected":false},"excerpt":{"rendered":"<p>Rozbud \u0141api\u0144scy Sp\u00f3\u0142ka Jawna (sp. j.) is a family company with entirely Polish capital. We came into existence in 1989. In our business we depend on responsibility and trust. Years of experience let us to be known as a decent and professional producer and seller. We cooperate with a lot of checked and prominent steelworks, [&hellip;]<\/p>\n","protected":false},"author":1,"featured_media":0,"parent":0,"menu_order":0,"comment_status":"closed","ping_status":"closed","template":"templates\/template-no-slider.php","meta":{"footnotes":""},"class_list":["post-1830","page","type-page","status-publish","hentry"],"_links":{"self":[{"href":"https:\/\/www.rozbud.eu\/en\/wp-json\/wp\/v2\/pages\/1830"}],"collection":[{"href":"https:\/\/www.rozbud.eu\/en\/wp-json\/wp\/v2\/pages"}],"about":[{"href":"https:\/\/www.rozbud.eu\/en\/wp-json\/wp\/v2\/types\/page"}],"author":[{"embeddable":true,"href":"https:\/\/www.rozbud.eu\/en\/wp-json\/wp\/v2\/users\/1"}],"replies":[{"embeddable":true,"href":"https:\/\/www.rozbud.eu\/en\/wp-json\/wp\/v2\/comments?post=1830"}],"version-history":[{"count":3,"href":"https:\/\/www.rozbud.eu\/en\/wp-json\/wp\/v2\/pages\/1830\/revisions"}],"predecessor-version":[{"id":5171,"href":"https:\/\/www.rozbud.eu\/en\/wp-json\/wp\/v2\/pages\/1830\/revisions\/5171"}],"wp:attachment":[{"href":"https:\/\/www.rozbud.eu\/en\/wp-json\/wp\/v2\/media?parent=1830"}],"curies":[{"name":"wp","href":"https:\/\/api.w.org\/{rel}","templated":true}]}}